{"id":28820,"date":"2025-06-10T04:32:58","date_gmt":"2025-06-10T04:32:58","guid":{"rendered":"https:\/\/www.regio.ee\/?page_id=28820"},"modified":"2025-06-10T04:45:57","modified_gmt":"2025-06-10T04:45:57","slug":"terms-and-conditions","status":"publish","type":"page","link":"https:\/\/www.regio.ee\/en\/terms-and-conditions\/","title":{"rendered":"Terms and Conditions"},"content":{"rendered":"\n\n<div class=\"g-container l-gutenberg\">\n<div class=\"g-banner c-banner l-container\"><ama-row class=\"c-banner__main bg-primary text-white\"><ama-col class=\"c-banner__main-content\" col=\"4\" offset=\"1\" col-mobile=\"8\" col-768=\"10\"><div class=\"c-banner__title\"><\/div><\/ama-col><\/ama-row><\/div>\n<\/div>\n\n\n<ama-row class=\"g-box g-box--type-white bg-white l-container mt50 mb50\" justify-content=\"center\"><ama-col class=\"g-box__content l-gutenberg l-editor\" col=\"10\" col-mobile=\"12\">\n\n<p>The owner of the website and online shop (hereinafter referred to as &#8220;the Website&#8221;) is Regio O\u00dc (hereinafter referred to as &#8220;we&#8221; or &#8220;Regio&#8221;).<br>Registration Code: 12971967<br>Address: V\u00e4ike-T\u00e4he 20, Tartu, 51010 Tartu County, Estonia<br>Phone: +372 731 0122<br>Email:&nbsp;<a href=\"mailto:maps@regio.ee\">maps@regio.ee<\/a><\/p>\n\n\n\n<p>By using our Website, you agree to these Terms of Use.<\/p>\n\n\n\n<p>We take reasonable measures to ensure that the Website is up-to-date and operational. However, we do not guarantee that the Website is free of errors or that it will function uninterrupted or be free of viruses.<\/p>\n\n\n\n<p>Regio shall not be liable for any direct or indirect damages arising from the use of the Website or services.<\/p>\n\n\n\n<p>We may modify or close the Website at any time without prior notice.<\/p>\n\n\n\n<p>The copyright for the Website and its content belongs to Regio O\u00dc or its licensors. All rights are protected by copyright and intellectual property laws.<\/p>\n\n\n\n<p>The user of the Website may not use the Website for unlawful purposes and in ways that are harmful, including, but not limited to, distributing malicious software or misusing data.<\/p>\n\n\n\n<p>Regio collects and processes personal data in accordance with its <a href=\"https:\/\/www.regio.ee\/en\/privacypolicy\/\" data-type=\"page\" data-id=\"27950\">Privacy Policy<\/a>, which you can review <a href=\"https:\/\/www.regio.ee\/en\/privacypolicy\/\" data-type=\"page\" data-id=\"27950\" target=\"_blank\" rel=\"noreferrer noopener\">here<\/a>.<\/p>\n\n\n\n<p>The Website uses cookies.<\/p>\n\n\n\n<p>The instructions for the website&#8217;s shopping environment can be found in the <a href=\"https:\/\/www.regio.ee\/en\/salesterms\/\" data-type=\"page\" data-id=\"27949\">Sales Terms<\/a>, available for review <a href=\"https:\/\/www.regio.ee\/en\/salesterms\/\" target=\"_blank\" data-type=\"page\" data-id=\"27949\" rel=\"noreferrer noopener\">here<\/a>.<\/p>\n\n\n\n<p>The Website may contain links to third-party websites. Regio is not responsible for the content or privacy policies of these websites.<\/p>\n\n\n\n<p>Regio reserves the right to amend these Terms of Use at any time. Any changes will take effect immediately upon their publication on the Website.<\/p>\n\n\n\n<p>This Website, including its content and information, is governed by the laws of the Republic of Estonia.<\/p>\n\n\n\n<p>If you have any questions regarding these Terms of Use or the services, please contact us at <a href=\"mailto:maps@regio.ee\">maps@regio.ee<\/a>.<\/p>\n\n<\/ama-col><\/ama-row>\n","protected":false},"excerpt":{"rendered":"<p>The owner of the website and online shop (hereinafter referred to as &#8220;the Website&#8221;) is Regio O\u00dc (hereinafter referred to as\u2026<\/p>\n","protected":false},"author":1,"featured_media":0,"parent":0,"menu_order":7,"comment_status":"closed","ping_status":"closed","template":"","meta":{"_acf_changed":false,"footnotes":""},"class_list":["post-28820","page","type-page","status-publish","hentry"],"acf":[],"_links":{"self":[{"href":"https:\/\/www.regio.ee\/en\/wp-json\/wp\/v2\/pages\/28820","targetHints":{"allow":["GET"]}}],"collection":[{"href":"https:\/\/www.regio.ee\/en\/wp-json\/wp\/v2\/pages"}],"about":[{"href":"https:\/\/www.regio.ee\/en\/wp-json\/wp\/v2\/types\/page"}],"author":[{"embeddable":true,"href":"https:\/\/www.regio.ee\/en\/wp-json\/wp\/v2\/users\/1"}],"replies":[{"embeddable":true,"href":"https:\/\/www.regio.ee\/en\/wp-json\/wp\/v2\/comments?post=28820"}],"version-history":[{"count":3,"href":"https:\/\/www.regio.ee\/en\/wp-json\/wp\/v2\/pages\/28820\/revisions"}],"predecessor-version":[{"id":28826,"href":"https:\/\/www.regio.ee\/en\/wp-json\/wp\/v2\/pages\/28820\/revisions\/28826"}],"wp:attachment":[{"href":"https:\/\/www.regio.ee\/en\/wp-json\/wp\/v2\/media?parent=28820"}],"curies":[{"name":"wp","href":"https:\/\/api.w.org\/{rel}","templated":true}]}}