{"id":27956,"date":"2024-10-29T14:11:26","date_gmt":"2024-10-29T14:11:26","guid":{"rendered":"https:\/\/regio-ee.vserver.zonevs.eu\/kontakt\/"},"modified":"2026-04-09T13:01:08","modified_gmt":"2026-04-09T13:01:08","slug":"contact","status":"publish","type":"page","link":"https:\/\/www.regio.ee\/en\/contact\/","title":{"rendered":"Contact"},"content":{"rendered":"\n<div class=\"g-container l-gutenberg\">\n<div class=\"g-banner c-banner l-container\"><ama-row class=\"c-banner__main bg-primary text-white c-banner__main--has-background\"><img loading=\"lazy\" decoding=\"async\" class=\"c-banner__bg\" width=\"1410\" height=\"560\" src=\"https:\/\/www.regio.ee\/wp-content\/uploads\/fly-images\/28333\/banner_regiolased-1410x560-c.jpg\" alt=\"Regio team on the rooftop of Tartu Cathedral\" draggable=\"false\"\/><\/ama-row><ama-row class=\"c-banner-links bg-white\" justify-content=\"center\"><ama-col class=\"c-banner-links__links c-banner-links__links--global\" col=\"10\" col-1300=\"11\" col-600=\"12\"><a href=\"https:\/\/www.regio.ee\/en\/services\/creating-spatial-data\/\" class=\"c-banner-links__links-item\">Geoinformation Solutions<\/a><hr class=\"c-banner-links__links-separator\"\/><a href=\"https:\/\/www.regio.ee\/en\/services\/balticdata\/\" class=\"c-banner-links__links-item\">The Baltic States Database<\/a><hr class=\"c-banner-links__links-separator\"\/><a href=\"https:\/\/www.regio.ee\/en\/services\/maps\/\" class=\"c-banner-links__links-item\">Maps and Map Applications<\/a><hr class=\"c-banner-links__links-separator\"\/><a href=\"https:\/\/pood.regio.ee\/en\/pood\/\" target=\"_blank\" class=\"c-banner-links__links-item c-banner-links__links-item--shop\" rel=\"noopener\">Shop<svg width=\"50\" height=\"48\" viewBox=\"0 0 50 48\"><path d=\"M49.711,22.3a1.6,1.6,0,0,0-1.247-.7L17.449,20.241a1.637,1.637,0,0,0-.138,3.27l28.916,1.271L40.541,42.876H15.24L10.669,17.489a1.629,1.629,0,0,0-.991-1.227l-7.486-3a1.6,1.6,0,0,0-2.08.924,1.648,1.648,0,0,0,.906,2.122l6.657,2.667,4.652,25.833A1.614,1.614,0,0,0,13.9,46.148h.772l-1.762,4.992a1.384,1.384,0,0,0,.164,1.246,1.329,1.329,0,0,0,1.093.58h1.236a4.935,4.935,0,0,0-1.236,3.273,4.814,4.814,0,1,0,9.626,0,4.936,4.936,0,0,0-1.236-3.273H33.054a4.934,4.934,0,0,0-1.236,3.273,4.814,4.814,0,1,0,9.626,0,4.936,4.936,0,0,0-1.236-3.273h1.5a1.364,1.364,0,0,0,0-2.727H16.073l1.444-4.091H41.711a1.607,1.607,0,0,0,1.527-1.137l6.684-21.273A1.66,1.66,0,0,0,49.711,22.3ZM18.984,58.421a2.182,2.182,0,1,1,2.139-2.182A2.163,2.163,0,0,1,18.984,58.421Zm17.647,0A2.182,2.182,0,1,1,38.77,56.24,2.163,2.163,0,0,1,36.631,58.421Z\" transform=\"translate(0 -13.148)\"\/><\/svg><\/a><\/ama-col><\/ama-row><\/div>\n<\/div>\n\n<ama-row class=\"g-box g-box--type-white bg-white l-container mt50\" justify-content=\"center\"><ama-col class=\"g-box__content l-gutenberg l-editor\" col=\"10\" col-mobile=\"12\">\n\n<h1 class=\"wp-block-heading\">Contact<\/h1>\n\n\n<div class=\"g-container g-container--spacer bg-transparent pt30\"><\/div>\n\n<div class=\"g-tm g-tm--tm g-tm--regular l-container\"><div class=\"g-tm__text l-editor\">\n\n<h2 class=\"wp-block-heading\">Regio O\u00dc<\/h2>\n\n\n\n<p><strong>Phone:<\/strong> +372 5566 7787<br><strong>Email:<\/strong> <a href=\"mailto:maps@regio.ee\">maps@regio.ee<\/a><\/p>\n\n\n\n<p><strong>Registration Code:<\/strong> 12971967<br><strong>VAT number:<\/strong> EE101857877<br><strong>Address:<\/strong> <a href=\"https:\/\/kaart.regio.ee\/#center=26.720251%2C58.372355&amp;zoom=16&amp;search_query=Tartumaa%2C%20Tartu%20linn%2C%20Tartu%20linn%2C%20V%C3%A4ike-T%C3%A4he%20tn%2020\" target=\"_blank\" rel=\"noopener\">V\u00e4ike-T\u00e4he 20, 51010 Tartu, Estonia<\/a><\/p>\n\n\n<div class=\"g-container g-container--spacer bg-transparent pt15\"><\/div>\n\n<div class=\"g-buttons l-container flex-justify-start\"><a href=\"https:\/\/www.regio.ee\/en\/quote\/\" target=\"_blank\" class=\"g-buttons__item btn btn--primary\">Price Inquiry<\/a><\/div>\n\n<div class=\"g-container g-container--spacer bg-transparent pt50\"><\/div>\n\n\n<p>Parking<\/p>\n\n\n\n<p>30 minutes free with parking clock.<br>Parking zone P57:<br> &#8211; hourly rate 3 \u20ac<br> &#8211; every started 30 minutes: 1.50 \u20ac<\/p>\n\n<\/div><div class=\"g-tm__media\"><div class=\"g-tm__slider\"><div class=\"g-tm__slide splide__slide\"><img loading=\"lazy\" decoding=\"async\" width=\"490\" height=\"320\" src=\"https:\/\/www.regio.ee\/wp-content\/uploads\/fly-images\/31458\/regio_kontor-490x320-c.jpg\" alt=\"Regio office bulilding at V\u00e4ike-T\u00e4he 20 Tartu\" draggable=\"false\"\/><\/div><\/div><\/div><\/div>\n\n<div class=\"g-container g-container--spacer bg-transparent pt80\"><\/div>\n\n\n<h2 class=\"wp-block-heading\">Contact Us<\/h2>\n\n\n\n<figure class=\"wp-block-table\"><table class=\"has-fixed-layout\"><thead><tr><th>Name<\/th><th>Position<\/th><th>Email<\/th><\/tr><\/thead><tbody><tr><td><strong>Merle Annov<\/strong><\/td><td>Co-CEO | Head of Cartography<\/td><td>merle.annov<\/td><\/tr><tr><td><strong>Anne Kokk<\/strong><\/td><td>Co-CEO | Head of Geospatial Data<\/td><td>anne.kokk<\/td><\/tr><tr><td><strong>Kaspar Uba<\/strong><\/td><td>Location Data &amp; GIS Product Manager<br>Sales<\/td><td>kaspar.uba<\/td><\/tr><tr><td><strong>Mirjam Parmasto<\/strong><\/td><td>Map Publishing Manager | Sales<\/td><td>mirjam.parmasto<\/td><\/tr><tr><td><strong>Kadri P\u00e4rn<\/strong><\/td><td>Cartographer | Sales<\/td><td>kadri.parn<\/td><\/tr><\/tbody><\/table><\/figure>\n\n\n\n<p>The email addresses in the format: firstname.lastname@regio.ee (without special characters).<\/p>\n\n<\/ama-col><\/ama-row>\n","protected":false},"excerpt":{"rendered":"<p>Contact Regio O\u00dc Phone: +372 5566 7787Email: maps@regio.ee Registration Code: 12971967VAT number: EE101857877Address: V\u00e4ike-T\u00e4he 20, 51010 Tartu, Estonia Parking 30 minutes\u2026<\/p>\n","protected":false},"author":1,"featured_media":0,"parent":0,"menu_order":37,"comment_status":"closed","ping_status":"closed","template":"","meta":{"_acf_changed":false,"footnotes":""},"class_list":["post-27956","page","type-page","status-publish","hentry"],"acf":[],"_links":{"self":[{"href":"https:\/\/www.regio.ee\/en\/wp-json\/wp\/v2\/pages\/27956","targetHints":{"allow":["GET"]}}],"collection":[{"href":"https:\/\/www.regio.ee\/en\/wp-json\/wp\/v2\/pages"}],"about":[{"href":"https:\/\/www.regio.ee\/en\/wp-json\/wp\/v2\/types\/page"}],"author":[{"embeddable":true,"href":"https:\/\/www.regio.ee\/en\/wp-json\/wp\/v2\/users\/1"}],"replies":[{"embeddable":true,"href":"https:\/\/www.regio.ee\/en\/wp-json\/wp\/v2\/comments?post=27956"}],"version-history":[{"count":18,"href":"https:\/\/www.regio.ee\/en\/wp-json\/wp\/v2\/pages\/27956\/revisions"}],"predecessor-version":[{"id":32108,"href":"https:\/\/www.regio.ee\/en\/wp-json\/wp\/v2\/pages\/27956\/revisions\/32108"}],"wp:attachment":[{"href":"https:\/\/www.regio.ee\/en\/wp-json\/wp\/v2\/media?parent=27956"}],"curies":[{"name":"wp","href":"https:\/\/api.w.org\/{rel}","templated":true}]}}