{"id":27951,"date":"2024-10-30T13:15:20","date_gmt":"2024-10-30T13:15:20","guid":{"rendered":"https:\/\/regio-ee.vserver.zonevs.eu\/tule-toole\/"},"modified":"2026-03-27T08:16:08","modified_gmt":"2026-03-27T08:16:08","slug":"tule-toole","status":"publish","type":"page","link":"https:\/\/www.regio.ee\/en\/aboutus\/tule-toole\/","title":{"rendered":"Tule t\u00f6\u00f6le"},"content":{"rendered":"\n\n<div class=\"g-container l-gutenberg\">\n<div class=\"g-banner c-banner l-container\"><ama-row class=\"c-banner__main bg-primary text-white\"><ama-col class=\"c-banner__main-content\" col=\"4\" offset=\"1\" col-mobile=\"8\" col-768=\"10\"><div class=\"c-banner__title\"><\/div><\/ama-col><\/ama-row><ama-row class=\"c-banner-links bg-white\" justify-content=\"center\"><ama-col class=\"c-banner-links__links c-banner-links__links--global\" col=\"10\" col-1300=\"11\" col-600=\"12\"><a href=\"https:\/\/www.regio.ee\/en\/services\/creating-spatial-data\/\" class=\"c-banner-links__links-item\">Geoinformation Solutions<\/a><hr class=\"c-banner-links__links-separator\"\/><a href=\"https:\/\/www.regio.ee\/en\/services\/balticdata\/\" class=\"c-banner-links__links-item\">The Baltic States Database<\/a><hr class=\"c-banner-links__links-separator\"\/><a href=\"https:\/\/www.regio.ee\/en\/services\/maps\/\" class=\"c-banner-links__links-item\">Maps and Map Applications<\/a><hr class=\"c-banner-links__links-separator\"\/><a href=\"https:\/\/pood.regio.ee\/en\/pood\/\" target=\"_blank\" class=\"c-banner-links__links-item c-banner-links__links-item--shop\" rel=\"noopener\">Shop<svg width=\"50\" height=\"48\" viewBox=\"0 0 50 48\"><path d=\"M49.711,22.3a1.6,1.6,0,0,0-1.247-.7L17.449,20.241a1.637,1.637,0,0,0-.138,3.27l28.916,1.271L40.541,42.876H15.24L10.669,17.489a1.629,1.629,0,0,0-.991-1.227l-7.486-3a1.6,1.6,0,0,0-2.08.924,1.648,1.648,0,0,0,.906,2.122l6.657,2.667,4.652,25.833A1.614,1.614,0,0,0,13.9,46.148h.772l-1.762,4.992a1.384,1.384,0,0,0,.164,1.246,1.329,1.329,0,0,0,1.093.58h1.236a4.935,4.935,0,0,0-1.236,3.273,4.814,4.814,0,1,0,9.626,0,4.936,4.936,0,0,0-1.236-3.273H33.054a4.934,4.934,0,0,0-1.236,3.273,4.814,4.814,0,1,0,9.626,0,4.936,4.936,0,0,0-1.236-3.273h1.5a1.364,1.364,0,0,0,0-2.727H16.073l1.444-4.091H41.711a1.607,1.607,0,0,0,1.527-1.137l6.684-21.273A1.66,1.66,0,0,0,49.711,22.3ZM18.984,58.421a2.182,2.182,0,1,1,2.139-2.182A2.163,2.163,0,0,1,18.984,58.421Zm17.647,0A2.182,2.182,0,1,1,38.77,56.24,2.163,2.163,0,0,1,36.631,58.421Z\" transform=\"translate(0 -13.148)\"\/><\/svg><\/a><\/ama-col><\/ama-row><\/div>\n<\/div>\n\n\n<ama-row class=\"g-box g-box--type-white bg-white l-container mt50 mb50\" justify-content=\"center\"><ama-col class=\"g-box__content l-gutenberg l-editor\" col=\"10\" col-mobile=\"12\">\n\n<h1 class=\"wp-block-heading\">GIS spetsialist<\/h1>\n\n\n\n<p>Kui sind k\u00f6idab ruumiandmete maailm ja sa usud, et asukohainfo on otsuste alus, siis <strong>tule meie tiimi<\/strong>.<\/p>\n\n\n\n<p>Regios saad tegeleda ruumiandmetega s\u00fcvitsi &#8211; anal\u00fc\u00fcsist andmebaasini.<\/p>\n\n\n\n<p><strong>Regio on geoinformaatika valdkonna liider Baltimaades,<\/strong> kelle tugevus on ruumiandmete ja andmebaaside sidumine terviklikeks lahendusteks. Meie lahendusi kasutatakse k\u00f5ikjal, kus asukohaandmed on kriitilise t\u00e4htsusega.<\/p>\n\n\n\n<p><strong>Ootame oma meeskonda geoinformaatikut<\/strong>, kellel on juba varasem praktiline kogemus ruumiandmete t\u00f6\u00f6tlemise ja anal\u00fc\u00fcsiga ning huvi arendada keerukamaid GIS-lahendusi. See t\u00f6\u00f6 sobib sulle, kui oled juba geoinfo maailmas k\u00e4tt proovinud ja tahad n\u00fc\u00fcd oma oskusi edasi arendada &#8211; eriti andmebaaside, automatiseerimise ja ruumiandmete anal\u00fc\u00fcsi alal.<\/p>\n\n\n<div class=\"g-container g-container--spacer bg-transparent pt30\"><\/div>\n\n\n<h4 class=\"wp-block-heading\"><strong>Peamised t\u00f6\u00f6\u00fclesanded:<\/strong><\/h4>\n\n\n\n<ul class=\"wp-block-list\">\n<li>Ruumiandmete t\u00f6\u00f6tlemine ja anal\u00fc\u00fcs;<\/li>\n\n\n\n<li>T\u00f6\u00f6 ruumiandmete andmebaasides (PostgreSQL\/PostGIS);<\/li>\n\n\n\n<li>T\u00f6\u00f6protsesside arendamine ja automatiseerimine (SQL, Python, skriptid) GIS-projektide ettevalmistamine, andmete korrastamine ja visualiseerimine.<\/li>\n<\/ul>\n\n\n<div class=\"g-container g-container--spacer bg-transparent pt30\"><\/div>\n\n\n<h4 class=\"wp-block-heading\"><strong>Kasuks tuleb:<\/strong><\/h4>\n\n\n\n<ul class=\"wp-block-list\">\n<li>Huvi v\u00f5i varasem kogemus andmeanal\u00fc\u00fcsi v\u00f5i masin\u00f5ppe rakendamisega;<\/li>\n\n\n\n<li>Kokkupuude ESRI t\u00f6\u00f6riistade ja \u00f6kos\u00fcsteemiga;<\/li>\n\n\n\n<li>Kogemus ruumiandmete visualiseerimise ja kaartide koostamisega;<\/li>\n\n\n\n<li>Huvi t\u00f6\u00f6protsesside korrastamise ja arendamise vastu.<\/li>\n<\/ul>\n\n\n<div class=\"g-container g-container--spacer bg-transparent pt30\"><\/div>\n\n\n<h4 class=\"wp-block-heading\"><strong>Meil Regios on:<\/strong><\/h4>\n\n\n\n<ul class=\"wp-block-list\">\n<li><strong>Vabadus ja vastutus.<\/strong> Meil on paindlik t\u00f6\u00f6aeg ja kaugt\u00f6\u00f6 v\u00f5imalus, usaldame sind oma aega ise planeerima. Oluline on tulemus, mitte see, kus sa parajasti istud.<\/li>\n\n\n\n<li><strong>Praktiline asukoht. <\/strong>Meie uus kontor asub Tartu kesklinnas, kuhu on mugav tulla ja kus on olemas k\u00f5ik vajalik efektiivseks t\u00f6\u00f6ks.<\/li>\n\n\n\n<li><strong>Kogenud meeskond.<\/strong> T\u00f6\u00f6tad koos ekspertidega ja kogenud kolleegid on sulle reaalselt toeks.<\/li>\n\n\n\n<li><strong>Areng ja koolitused.<\/strong> Toetame sinu erialast arengut ja sul on v\u00f5imaluse osaleda rahvusvahelistel GIS-konverentsidel. Nii p\u00fcsid geoinfo-maailma trendidega kursis.<\/li>\n\n\n\n<li><strong>Tervise toetamine.<\/strong> Pakume sporditoetust ja kolme tervisep\u00e4eva aastas, et saaksid korraks aja maha v\u00f5tta ja end laadida.<\/li>\n\n\n\n<li><strong>\u00dchised \u00fcritused.<\/strong> Meile meeldib koos olla. See paistab v\u00e4lja ka \u00fchistel \u00fcritustel, kus meil on alati p\u00e4riselt tore.<\/li>\n<\/ul>\n\n\n\n<p>Kui tunned, et enamik sellest on tuttav, aga k\u00f5ike ei oska &#8211; kandideeri ikkagi.<br>Oluline on ruumiandmete m\u00f5istmine, loogiline m\u00f5tlemine ja soov areneda.<\/p>\n\n\n<div class=\"g-container g-container--spacer bg-transparent pt20\"><\/div>\n\n\n<p><strong>T\u00f6\u00f6le asumise aeg: esimesel v\u00f5imalusel<\/strong><\/p>\n\n\n\n<p><strong>Kandideerimise t\u00e4htaeg: 26.aprill 2026<\/strong><\/p>\n\n\n\n<p><br>Kui soovid olla meie meeskonnas, saada e-kiri<\/p>\n\n\n<div class=\"g-arrow-link\"><a href=\"mailto:regio@regio.ee\" class=\"text-primary\">regio@regio.ee<svg width=\"12.002\" height=\"21.001\" viewBox=\"0 0 12.002 21.001\"><path d=\"M6692.438,9659.563a1.5,1.5,0,0,1,0-2.123l7.94-7.941-7.94-7.939a1.5,1.5,0,0,1,2.122-2.117l9,9a1.5,1.5,0,0,1,0,2.123l-9,9a1.505,1.505,0,0,1-2.122,0Z\" transform=\"translate(-6691.999 -9638.999)\" fill=\"currentColor\"\/><\/svg><\/a><\/div>\n<\/ama-col><\/ama-row>\n\n<ama-row class=\"g-box g-box--type-white bg-white l-container mt50 mb50\" justify-content=\"center\"><ama-col class=\"g-box__content l-gutenberg l-editor\" col=\"10\" col-mobile=\"12\">\n\n<h1 class=\"wp-block-heading\">Kaugseire ja kosmosevaldkonna projektijuht<\/h1>\n\n\n\n<p>Ootame oma meeskonda kaugseire ja kosmosevaldkonna projektijuhti kaugseire ja kosmosevaldkonnas (osalise koormusega), kelle vedada oleks kaugseire ja kosmoseandmete valdkonna<strong> uute v\u00f5imaluste avamine ja arendamine Regios<\/strong>.<\/p>\n\n\n<div class=\"g-container g-container--spacer bg-transparent pt30\"><\/div>\n\n\n<h4 class=\"wp-block-heading\"><strong>T\u00f6\u00f6\u00fclesanded:<\/strong><\/h4>\n\n\n\n<ul class=\"wp-block-list\">\n<li>Kaugseire ja satelliidiandmete rakendusv\u00f5imaluste otsimine ja kaardistamine.<\/li>\n\n\n\n<li>ESA ja teiste rahastus-, koost\u00f6\u00f6- ning projektiv\u00f5imaluste j\u00e4lgimine ja hindamine.<\/li>\n\n\n\n<li>Sobivate sihtvaldkondade ja turuv\u00f5imaluste anal\u00fc\u00fcsimine.<\/li>\n\n\n\n<li>Regio v\u00f5imaliku rolli, teenuste ja pakkumiste kujundamine selles valdkonnas.<\/li>\n\n\n\n<li>Partnerite leidmine ja koost\u00f6\u00f6 arendamine Eestis ning rahvusvaheliselt.<\/li>\n\n\n\n<li>Projektide algatamine ja eestvedamine.<\/li>\n\n\n\n<li>Taotluste, projektikontseptsioonide ja koost\u00f6\u00f6pakkumiste kokkupaneku juhtimine.<\/li>\n\n\n\n<li>Juhtkonnale ettepanekute tegemine edasisteks sammudeks.<\/li>\n<\/ul>\n\n\n<div class=\"g-container g-container--spacer bg-transparent pt30\"><\/div>\n\n\n<h4 class=\"wp-block-heading\"><strong>Ootame, et Sul oleks:<\/strong><\/h4>\n\n\n\n<ul class=\"wp-block-list\">\n<li>Huvi kaugseire, EO ja kosmosevaldkonna vastu.<\/li>\n\n\n\n<li>Hea anal\u00fc\u00fcsi- ja projektijuhtimisoskus.<\/li>\n\n\n\n<li>Algatusv\u00f5ime ja iseseisvus uute v\u00f5imaluste leidmisel.<\/li>\n\n\n\n<li>Hea koost\u00f6\u00f6- ja suhtlemisoskus.<\/li>\n\n\n\n<li>V\u00e4ga hea eesti ja inglise keele oskus.<\/li>\n<\/ul>\n\n\n<div class=\"g-container g-container--spacer bg-transparent pt30\"><\/div>\n\n\n<h4 class=\"wp-block-heading\"><strong>Kasuks tuleb:<\/strong><\/h4>\n\n\n\n<ul class=\"wp-block-list\">\n<li>Varasem kokkupuude ESA, kaugseire v\u00f5i satelliidiandmete teemadega.<\/li>\n\n\n\n<li>GISi, geoinfo v\u00f5i ruumiandmete valdkonna tundmine.<\/li>\n\n\n\n<li>Rahvusvaheliste projektide v\u00f5i taotluste koostamise kogemus.<\/li>\n<\/ul>\n\n\n<div class=\"g-container g-container--spacer bg-transparent pt30\"><\/div>\n\n\n<h4 class=\"wp-block-heading\"><strong>Pakume<\/strong>:<\/h4>\n\n\n\n<ul class=\"wp-block-list\">\n<li>Paindlikku osalise koormusega t\u00f6\u00f6d.<\/li>\n\n\n\n<li>V\u00f5imalust kujundada Regio uut arengusuunda.<\/li>\n\n\n\n<li>Vaheldusrikast t\u00f6\u00f6d p\u00f5nevas ja kiiresti arenevas valdkonnas.<\/li>\n\n\n\n<li>Sulle toeks tugevat ja kogenud meeskonda.<\/li>\n<\/ul>\n\n\n\n<p>Kui valdkond kasvab ja koost\u00f6\u00f6 kujuneb edukaks, on v\u00f5imalik liikuda edasi t\u00e4iskohaga rolli.<\/p>\n\n\n<div class=\"g-container g-container--spacer bg-transparent pt20\"><\/div>\n\n\n<p><strong>T\u00f6\u00f6le asumise aeg: esimesel v\u00f5imalusel<\/strong><\/p>\n\n\n\n<p><strong>Kandideerimise t\u00e4htaeg: 26.aprill 2026<\/strong><\/p>\n\n\n\n<p><br>Kui tunned, et see tulevikku vaatav valdkond paneb sul silmad s\u00e4rama ja k\u00f5netab sind, saada meile oma motivatsioonikiri ja CV.<\/p>\n\n\n<div class=\"g-arrow-link\"><a href=\"mailto:regio@regio.ee\" class=\"text-primary\">regio@regio.ee<svg width=\"12.002\" height=\"21.001\" viewBox=\"0 0 12.002 21.001\"><path d=\"M6692.438,9659.563a1.5,1.5,0,0,1,0-2.123l7.94-7.941-7.94-7.939a1.5,1.5,0,0,1,2.122-2.117l9,9a1.5,1.5,0,0,1,0,2.123l-9,9a1.505,1.505,0,0,1-2.122,0Z\" transform=\"translate(-6691.999 -9638.999)\" fill=\"currentColor\"\/><\/svg><\/a><\/div>\n<\/ama-col><\/ama-row>\n","protected":false},"excerpt":{"rendered":"<p>GIS spetsialist Kui sind k\u00f6idab ruumiandmete maailm ja sa usud, et asukohainfo on otsuste alus, siis tule meie tiimi. Regios saad\u2026<\/p>\n","protected":false},"author":1,"featured_media":0,"parent":27961,"menu_order":60,"comment_status":"closed","ping_status":"closed","template":"","meta":{"_acf_changed":false,"footnotes":""},"class_list":["post-27951","page","type-page","status-publish","hentry"],"acf":[],"_links":{"self":[{"href":"https:\/\/www.regio.ee\/en\/wp-json\/wp\/v2\/pages\/27951","targetHints":{"allow":["GET"]}}],"collection":[{"href":"https:\/\/www.regio.ee\/en\/wp-json\/wp\/v2\/pages"}],"about":[{"href":"https:\/\/www.regio.ee\/en\/wp-json\/wp\/v2\/types\/page"}],"author":[{"embeddable":true,"href":"https:\/\/www.regio.ee\/en\/wp-json\/wp\/v2\/users\/1"}],"replies":[{"embeddable":true,"href":"https:\/\/www.regio.ee\/en\/wp-json\/wp\/v2\/comments?post=27951"}],"version-history":[{"count":14,"href":"https:\/\/www.regio.ee\/en\/wp-json\/wp\/v2\/pages\/27951\/revisions"}],"predecessor-version":[{"id":32095,"href":"https:\/\/www.regio.ee\/en\/wp-json\/wp\/v2\/pages\/27951\/revisions\/32095"}],"up":[{"embeddable":true,"href":"https:\/\/www.regio.ee\/en\/wp-json\/wp\/v2\/pages\/27961"}],"wp:attachment":[{"href":"https:\/\/www.regio.ee\/en\/wp-json\/wp\/v2\/media?parent=27951"}],"curies":[{"name":"wp","href":"https:\/\/api.w.org\/{rel}","templated":true}]}}