{"id":28827,"date":"2025-06-10T04:32:58","date_gmt":"2025-06-10T04:32:58","guid":{"rendered":"https:\/\/www.regio.ee\/?page_id=28827"},"modified":"2025-06-10T05:05:58","modified_gmt":"2025-06-10T05:05:58","slug":"allgemeine-geschaeftsbedingungen-agb","status":"publish","type":"page","link":"https:\/\/www.regio.ee\/de\/allgemeine-geschaeftsbedingungen-agb\/","title":{"rendered":"Allgemeine Gesch\u00e4ftsbedingungen (AGB)"},"content":{"rendered":"\n<ama-row class=\"g-box g-box--type-white bg-white l-container mt50 mb50\" justify-content=\"center\"><ama-col class=\"g-box__content l-gutenberg l-editor\" col=\"10\" col-mobile=\"12\">\n\n<div class=\"g-container l-gutenberg\">\n<div class=\"g-banner c-banner l-container\"><ama-row class=\"c-banner__main bg-primary text-white\"><ama-col class=\"c-banner__main-content\" col=\"4\" offset=\"1\" col-mobile=\"8\" col-768=\"10\"><div class=\"c-banner__title\"><\/div><\/ama-col><\/ama-row><\/div>\n<\/div>\n\n\n<ama-row class=\"g-box g-box--type-white bg-white l-container mt50 mb50\" justify-content=\"center\"><ama-col class=\"g-box__content l-gutenberg l-editor\" col=\"10\" col-mobile=\"12\">\n\n<p>Der Eigent\u00fcmer dieser Website und des Onlineshops (im Folgenden \u201edie Website\u201c) ist Regio O\u00dc (im Folgenden \u201ewir\u201c oder \u201eRegio\u201c).<br>Registrierungscode: 12971967<br>Adresse: V\u00e4ike-T\u00e4he 20, 51010 Tartu, Estland<br>Telefon: +372 731 0122<br>E-Mail: maps@regio.ee<\/p>\n\n\n\n<p>Durch die Nutzung unserer Website stimmen Sie diesen Nutzungsbedingungen zu.<\/p>\n\n\n\n<p>Regio O\u00dc ergreift angemessene Ma\u00dfnahmen, um sicherzustellen, dass die Website aktuell und funktionsf\u00e4hig ist. Wir \u00fcbernehmen jedoch keine Gew\u00e4hr daf\u00fcr, dass die Website fehlerfrei, unterbrechungsfrei oder frei von Viren ist.<\/p>\n\n\n\n<p>Regio haftet nicht f\u00fcr direkte oder indirekte Sch\u00e4den, die aus der Nutzung der Website oder der angebotenen Dienste entstehen.<\/p>\n\n\n\n<p>Wir behalten uns das Recht vor, die Website jederzeit und ohne vorherige Ank\u00fcndigung zu \u00e4ndern oder einzustellen.<\/p>\n\n\n\n<p>Das Urheberrecht f\u00fcr die Website und deren Inhalte liegt bei Regio O\u00dc oder deren Lizenzgebern. Alle Rechte sind durch Urheberrechts- und geistige Eigentumsgesetze gesch\u00fctzt.<\/p>\n\n\n\n<p>Die Nutzung der Website f\u00fcr illegale Zwecke oder sch\u00e4dliche Aktivit\u00e4ten ist untersagt \u2013 darunter unter anderem die Verbreitung sch\u00e4dlicher Software oder der Missbrauch von Daten.<\/p>\n\n\n\n<p>Regio  verarbeitet personenbezogene Daten gem\u00e4\u00df seiner <a href=\"https:\/\/www.regio.ee\/de\/datenschutzerklarung\/\" data-type=\"page\" data-id=\"27969\">Datenschutzerkl\u00e4rung<\/a>, die Sie <a href=\"https:\/\/www.regio.ee\/de\/datenschutzerklarung\/\" data-type=\"page\" data-id=\"27969\" target=\"_blank\" rel=\"noreferrer noopener\">hier einsehen k\u00f6nnen<\/a>.<\/p>\n\n\n\n<p>Die Website verwendet Cookies, um das Nutzungserlebnis zu verbessern.<\/p>\n\n\n\n<p>Die Anleitungen zur Nutzung des Webshop-Bereichs der Website finden Sie in den <a href=\"https:\/\/www.regio.ee\/de\/verkaufsbedingungen\/\" data-type=\"page\" data-id=\"27968\">Verkaufsbedingungen<\/a>, die Sie <a href=\"https:\/\/www.regio.ee\/de\/verkaufsbedingungen\/\" target=\"_blank\" data-type=\"page\" data-id=\"27968\" rel=\"noreferrer noopener\">hier einsehen k\u00f6nnen<\/a>.<\/p>\n\n\n\n<p>Die Website kann Links zu Webseiten Dritter enthalten. Regio \u00fcbernimmt keine Verantwortung f\u00fcr den Inhalt oder die Datenschutzpraktiken dieser externen Seiten.<\/p>\n\n\n\n<p>Regio beh\u00e4lt sich das Recht vor, diese Nutzungsbedingungen jederzeit zu \u00e4ndern.<\/p>\n\n\n\n<p>\u00c4nderungen treten sofort mit ihrer Ver\u00f6ffentlichung auf der Website in Kraft.<\/p>\n\n\n\n<p>Diese Website \u2013 einschlie\u00dflich ihrer Inhalte und Informationen \u2013 unterliegt dem Recht der Republik Estland.<\/p>\n\n\n\n<p>Bei Fragen zu diesen Nutzungsbedingungen oder unseren Dienstleistungen wenden Sie sich bitte an <a href=\"mailto:maps@regio.ee\">maps@regio.ee<\/a>.<\/p>\n\n<\/ama-col><\/ama-row>\n<\/ama-col><\/ama-row>\n","protected":false},"excerpt":{"rendered":"<p>Der Eigent\u00fcmer dieser Website und des Onlineshops (im Folgenden \u201edie Website\u201c) ist Regio O\u00dc (im Folgenden \u201ewir\u201c oder \u201eRegio\u201c).Registrierungscode: 12971967Adresse: V\u00e4ike-T\u00e4he\u2026<\/p>\n","protected":false},"author":1,"featured_media":0,"parent":0,"menu_order":8,"comment_status":"closed","ping_status":"closed","template":"","meta":{"_acf_changed":false,"footnotes":""},"class_list":["post-28827","page","type-page","status-publish","hentry"],"acf":[],"_links":{"self":[{"href":"https:\/\/www.regio.ee\/de\/wp-json\/wp\/v2\/pages\/28827","targetHints":{"allow":["GET"]}}],"collection":[{"href":"https:\/\/www.regio.ee\/de\/wp-json\/wp\/v2\/pages"}],"about":[{"href":"https:\/\/www.regio.ee\/de\/wp-json\/wp\/v2\/types\/page"}],"author":[{"embeddable":true,"href":"https:\/\/www.regio.ee\/de\/wp-json\/wp\/v2\/users\/1"}],"replies":[{"embeddable":true,"href":"https:\/\/www.regio.ee\/de\/wp-json\/wp\/v2\/comments?post=28827"}],"version-history":[{"count":2,"href":"https:\/\/www.regio.ee\/de\/wp-json\/wp\/v2\/pages\/28827\/revisions"}],"predecessor-version":[{"id":28829,"href":"https:\/\/www.regio.ee\/de\/wp-json\/wp\/v2\/pages\/28827\/revisions\/28829"}],"wp:attachment":[{"href":"https:\/\/www.regio.ee\/de\/wp-json\/wp\/v2\/media?parent=28827"}],"curies":[{"name":"wp","href":"https:\/\/api.w.org\/{rel}","templated":true}]}}