{"id":27975,"date":"2024-10-29T14:11:26","date_gmt":"2024-10-29T14:11:26","guid":{"rendered":"https:\/\/regio-ee.vserver.zonevs.eu\/kontakt\/"},"modified":"2026-04-09T13:02:45","modified_gmt":"2026-04-09T13:02:45","slug":"kontakt","status":"publish","type":"page","link":"https:\/\/www.regio.ee\/de\/kontakt\/","title":{"rendered":"Kontakt"},"content":{"rendered":"\n<div class=\"g-container l-gutenberg\">\n<div class=\"g-banner c-banner l-container\"><ama-row class=\"c-banner__main bg-primary text-white c-banner__main--has-background\"><img loading=\"lazy\" decoding=\"async\" class=\"c-banner__bg\" width=\"1410\" height=\"560\" src=\"https:\/\/www.regio.ee\/wp-content\/uploads\/fly-images\/28334\/banner_regiolased-1410x560-c.jpg\" alt=\"Banner Regio Team\" draggable=\"false\"\/><\/ama-row><ama-row class=\"c-banner-links bg-white\" justify-content=\"center\"><ama-col class=\"c-banner-links__links c-banner-links__links--global\" col=\"10\" col-1300=\"11\" col-600=\"12\"><a href=\"https:\/\/www.regio.ee\/de\/dienstleistungen\/gislosungen\/\" class=\"c-banner-links__links-item\">Geoinformatische L\u00f6sungen<\/a><hr class=\"c-banner-links__links-separator\"\/><a href=\"https:\/\/www.regio.ee\/de\/dienstleistungen\/baltischegeodaten\/\" class=\"c-banner-links__links-item\">Geodaten der baltischen Staaten<\/a><hr class=\"c-banner-links__links-separator\"\/><a href=\"https:\/\/www.regio.ee\/de\/dienstleistungen\/karten\/\" class=\"c-banner-links__links-item\">Karten und Kartenanwendungen<\/a><hr class=\"c-banner-links__links-separator\"\/><a href=\"https:\/\/pood.regio.ee\/en\/pood\/\" target=\"_blank\" class=\"c-banner-links__links-item c-banner-links__links-item--shop\" rel=\"noopener\">Onlineshop<svg width=\"50\" height=\"48\" viewBox=\"0 0 50 48\"><path d=\"M49.711,22.3a1.6,1.6,0,0,0-1.247-.7L17.449,20.241a1.637,1.637,0,0,0-.138,3.27l28.916,1.271L40.541,42.876H15.24L10.669,17.489a1.629,1.629,0,0,0-.991-1.227l-7.486-3a1.6,1.6,0,0,0-2.08.924,1.648,1.648,0,0,0,.906,2.122l6.657,2.667,4.652,25.833A1.614,1.614,0,0,0,13.9,46.148h.772l-1.762,4.992a1.384,1.384,0,0,0,.164,1.246,1.329,1.329,0,0,0,1.093.58h1.236a4.935,4.935,0,0,0-1.236,3.273,4.814,4.814,0,1,0,9.626,0,4.936,4.936,0,0,0-1.236-3.273H33.054a4.934,4.934,0,0,0-1.236,3.273,4.814,4.814,0,1,0,9.626,0,4.936,4.936,0,0,0-1.236-3.273h1.5a1.364,1.364,0,0,0,0-2.727H16.073l1.444-4.091H41.711a1.607,1.607,0,0,0,1.527-1.137l6.684-21.273A1.66,1.66,0,0,0,49.711,22.3ZM18.984,58.421a2.182,2.182,0,1,1,2.139-2.182A2.163,2.163,0,0,1,18.984,58.421Zm17.647,0A2.182,2.182,0,1,1,38.77,56.24,2.163,2.163,0,0,1,36.631,58.421Z\" transform=\"translate(0 -13.148)\"\/><\/svg><\/a><\/ama-col><\/ama-row><\/div>\n<\/div>\n\n<ama-row class=\"g-box g-box--type-white bg-white l-container mt50\" justify-content=\"center\"><ama-col class=\"g-box__content l-gutenberg l-editor\" col=\"10\" col-mobile=\"12\">\n\n<h1 class=\"wp-block-heading\">Kontakte<\/h1>\n\n\n<div class=\"g-container g-container--spacer bg-transparent pt30\"><\/div>\n\n<div class=\"g-tm g-tm--tm g-tm--regular l-container\"><div class=\"g-tm__text l-editor\">\n\n<h2 class=\"wp-block-heading\">Regio O\u00dc<\/h2>\n\n\n\n<p><strong>Telefon:<\/strong> +372 5566 7787<br><strong>E-Mail:<\/strong> <a href=\"mailto:kaardid@regio.ee\">maps@regio.ee<\/a><\/p>\n\n\n\n<p><strong>Registrierungscode:<\/strong> 12971967<br><strong>USt-IdNr.:<\/strong> EE101857877<br><strong>Adresse:<\/strong> <a href=\"https:\/\/kaart.regio.ee\/#center=26.720251%2C58.372355&amp;zoom=16&amp;search_query=Tartumaa%2C%20Tartu%20linn%2C%20Tartu%20linn%2C%20V%C3%A4ike-T%C3%A4he%20tn%2020\" target=\"_blank\" rel=\"noopener\">V\u00e4ike-T\u00e4he 20, 51010 Tartu, Estland<\/a><\/p>\n\n\n<div class=\"g-container g-container--spacer bg-transparent pt15\"><\/div>\n\n<div class=\"g-buttons l-container flex-justify-start\"><a href=\"https:\/\/www.regio.ee\/de\/angebotsanfrage\/\" class=\"g-buttons__item btn btn--primary\">Angebot anfordern<\/a><\/div>\n\n<div class=\"g-container g-container--spacer bg-transparent pt50\"><\/div>\n\n\n<p>Parken<\/p>\n\n\n\n<p>30 Minuten kostenlos mit Parkscheibe.<br>Parkzone P57:<br>Stundentarif: 3 \u20ac<br>Je angefangene 30 Minuten 1.50 \u20ac<\/p>\n\n<\/div><div class=\"g-tm__media\"><div class=\"g-tm__slider\"><div class=\"g-tm__slide splide__slide\"><img loading=\"lazy\" decoding=\"async\" width=\"490\" height=\"320\" src=\"https:\/\/www.regio.ee\/wp-content\/uploads\/fly-images\/31459\/regio_kontor-490x320-c.jpg\" alt=\"Regio B\u00fcrogeb\u00e4ude in V\u00e4ike-T\u00e4he 20 Tartu\" draggable=\"false\"\/><\/div><\/div><\/div><\/div>\n\n<div class=\"g-container g-container--spacer bg-transparent pt80\"><\/div>\n\n\n<h2 class=\"wp-block-heading\">Ansprechpartner<\/h2>\n\n\n\n<figure class=\"wp-block-table\"><table class=\"has-fixed-layout\"><thead><tr><th>Name<\/th><th>Funktion<\/th><th>E-Mail<\/th><\/tr><\/thead><tbody><tr><td><strong>Merle Annov<\/strong><\/td><td>Co-CEO | Gesch\u00e4ftsf\u00fchrerin, verantwortlich f\u00fcr Kartografie<\/td><td>merle.annov<\/td><\/tr><tr><td><strong>Anne Kokk<\/strong><\/td><td>Co-CEO | Gesch\u00e4ftsf\u00fchrerin, verantwortlich f\u00fcr Geodaten<\/td><td>anne.kokk<\/td><\/tr><tr><td><strong>Kaspar Uba<\/strong><\/td><td>Produktmanager Geodaten &amp; GIS | Vertrieb<\/td><td>kaspar.uba<\/td><\/tr><tr><td><strong>Mirjam Parmasto<\/strong><\/td><td>Leiterin Kartenverlag | Vertrieb<\/td><td>mirjam.parmasto<\/td><\/tr><tr><td><strong>Kadri P\u00e4rn<\/strong><\/td><td>Vertriebsassistentin | Kartografin<\/td><td>kadri.parn<\/td><\/tr><\/tbody><\/table><\/figure>\n\n\n\n<p>Die E-Mail-Adressen im Format: vorname.nachname@regio.ee (ohne Sonderzeichen)<\/p>\n\n<\/ama-col><\/ama-row>\n","protected":false},"excerpt":{"rendered":"<p>Kontakte Regio O\u00dc Telefon: +372 5566 7787E-Mail: maps@regio.ee Registrierungscode: 12971967USt-IdNr.: EE101857877Adresse: V\u00e4ike-T\u00e4he 20, 51010 Tartu, Estland Parken 30 Minuten kostenlos mit\u2026<\/p>\n","protected":false},"author":1,"featured_media":0,"parent":0,"menu_order":37,"comment_status":"closed","ping_status":"closed","template":"","meta":{"_acf_changed":false,"footnotes":""},"class_list":["post-27975","page","type-page","status-publish","hentry"],"acf":[],"_links":{"self":[{"href":"https:\/\/www.regio.ee\/de\/wp-json\/wp\/v2\/pages\/27975","targetHints":{"allow":["GET"]}}],"collection":[{"href":"https:\/\/www.regio.ee\/de\/wp-json\/wp\/v2\/pages"}],"about":[{"href":"https:\/\/www.regio.ee\/de\/wp-json\/wp\/v2\/types\/page"}],"author":[{"embeddable":true,"href":"https:\/\/www.regio.ee\/de\/wp-json\/wp\/v2\/users\/1"}],"replies":[{"embeddable":true,"href":"https:\/\/www.regio.ee\/de\/wp-json\/wp\/v2\/comments?post=27975"}],"version-history":[{"count":18,"href":"https:\/\/www.regio.ee\/de\/wp-json\/wp\/v2\/pages\/27975\/revisions"}],"predecessor-version":[{"id":32112,"href":"https:\/\/www.regio.ee\/de\/wp-json\/wp\/v2\/pages\/27975\/revisions\/32112"}],"wp:attachment":[{"href":"https:\/\/www.regio.ee\/de\/wp-json\/wp\/v2\/media?parent=27975"}],"curies":[{"name":"wp","href":"https:\/\/api.w.org\/{rel}","templated":true}]}}