{"id":27974,"date":"2024-10-30T13:12:53","date_gmt":"2024-10-30T13:12:53","guid":{"rendered":"https:\/\/regio-ee.vserver.zonevs.eu\/regio\/"},"modified":"2026-03-03T08:47:15","modified_gmt":"2026-03-03T08:47:15","slug":"regio","status":"publish","type":"page","link":"https:\/\/www.regio.ee\/de\/uns\/regio\/","title":{"rendered":"Regio"},"content":{"rendered":"\n<div class=\"g-container l-gutenberg\">\n<div class=\"g-banner c-banner l-container\"><ama-row class=\"c-banner__main bg-primary text-white c-banner__main--has-background\"><img loading=\"lazy\" decoding=\"async\" class=\"c-banner__bg\" width=\"1410\" height=\"560\" src=\"https:\/\/www.regio.ee\/wp-content\/uploads\/fly-images\/28334\/banner_regiolased-1410x560-c.jpg\" alt=\"Banner Regio Team\" draggable=\"false\"\/><\/ama-row><ama-row class=\"c-banner-links bg-white\" justify-content=\"center\"><ama-col class=\"c-banner-links__links c-banner-links__links--global\" col=\"10\" col-1300=\"11\" col-600=\"12\"><a href=\"https:\/\/www.regio.ee\/de\/dienstleistungen\/gislosungen\/\" class=\"c-banner-links__links-item\">Geoinformatische L\u00f6sungen<\/a><hr class=\"c-banner-links__links-separator\"\/><a href=\"https:\/\/www.regio.ee\/de\/dienstleistungen\/baltischegeodaten\/\" class=\"c-banner-links__links-item\">Geodaten der baltischen Staaten<\/a><hr class=\"c-banner-links__links-separator\"\/><a href=\"https:\/\/www.regio.ee\/de\/dienstleistungen\/karten\/\" class=\"c-banner-links__links-item\">Karten und Kartenanwendungen<\/a><hr class=\"c-banner-links__links-separator\"\/><a href=\"https:\/\/pood.regio.ee\/en\/pood\/\" target=\"_blank\" class=\"c-banner-links__links-item c-banner-links__links-item--shop\" rel=\"noopener\">Onlineshop<svg width=\"50\" height=\"48\" viewBox=\"0 0 50 48\"><path d=\"M49.711,22.3a1.6,1.6,0,0,0-1.247-.7L17.449,20.241a1.637,1.637,0,0,0-.138,3.27l28.916,1.271L40.541,42.876H15.24L10.669,17.489a1.629,1.629,0,0,0-.991-1.227l-7.486-3a1.6,1.6,0,0,0-2.08.924,1.648,1.648,0,0,0,.906,2.122l6.657,2.667,4.652,25.833A1.614,1.614,0,0,0,13.9,46.148h.772l-1.762,4.992a1.384,1.384,0,0,0,.164,1.246,1.329,1.329,0,0,0,1.093.58h1.236a4.935,4.935,0,0,0-1.236,3.273,4.814,4.814,0,1,0,9.626,0,4.936,4.936,0,0,0-1.236-3.273H33.054a4.934,4.934,0,0,0-1.236,3.273,4.814,4.814,0,1,0,9.626,0,4.936,4.936,0,0,0-1.236-3.273h1.5a1.364,1.364,0,0,0,0-2.727H16.073l1.444-4.091H41.711a1.607,1.607,0,0,0,1.527-1.137l6.684-21.273A1.66,1.66,0,0,0,49.711,22.3ZM18.984,58.421a2.182,2.182,0,1,1,2.139-2.182A2.163,2.163,0,0,1,18.984,58.421Zm17.647,0A2.182,2.182,0,1,1,38.77,56.24,2.163,2.163,0,0,1,36.631,58.421Z\" transform=\"translate(0 -13.148)\"\/><\/svg><\/a><\/ama-col><\/ama-row><\/div>\n<\/div>\n\n<ama-row class=\"g-box g-box--type-white bg-white l-container mt50 mb50\" justify-content=\"center\"><ama-col class=\"g-box__content l-gutenberg l-editor\" col=\"10\" col-mobile=\"12\">\n\n<h1 class=\"wp-block-heading\">Regio \u2013 Experte f\u00fcr Geodaten und Kartografie<\/h1>\n\n\n<ama-row class=\"g-lw l-editor\"><ama-col col=\"9\" col-mobile=\"12\">\n\n<p>Regio hat sich auf <strong>Erfassung, Verarbeitung und Visualisierung von Geodaten<\/strong> gewidmet. Wir erstellen und ver\u00f6ffentlichen sowohl gedruckte als auch digitale Karten. Unsere Spezialit\u00e4t sind komplexe und datenintensive Karten, einschlie\u00dflich GPS-Karten.<\/p>\n\n\n\n<p>Regio wurde 1990 als Spin-off-Unternehmen der Universit\u00e4t Tartu gegr\u00fcndet. Seit 2016 sind wir unter dem Namen Regio O\u00dc t\u00e4tig.<\/p>\n\n\n\n<p>Wir sind Eigent\u00fcmer der genauesten und kontinuierlich aktualisierten Stra\u00dfendatenbank sowie der umfangreichsten Adressdatenbank der baltischen Staaten. Wir verf\u00fcgen \u00fcber langj\u00e4hrige Erfahrung in der Verarbeitung, Verwaltung und Analyse von Geodaten.<\/p>\n\n\n\n<p>Jedes Jahr erstellen wir Dutzende von Karten, die meisten davon als individuelle Auftragsarbeiten. Unsere Karten sind aktuell, genau und in jedem Ma\u00dfstab gut lesbar.<\/p>\n\n\n\n<p><strong>Unsere Mission:<\/strong> Wir m\u00f6chten, dass die intelligente Nutzung von Karten und Geodaten ein nat\u00fcrlicher Teil des Lebens ist und das Denken und Verst\u00e4ndnis der Welt erweitert.<\/p>\n\n\n\n<p><strong>Unsere Vision:<\/strong> Wir wollen Organisationen und Einzelpersonen dabei unterst\u00fctzen, sich sowohl in der Informationsgesellschaft als auch im geografischen Raum besser zurechtzufinden.<\/p>\n\n<\/ama-col><\/ama-row>\n\n<div class=\"g-container g-container--spacer bg-transparent pt50\"><\/div>\n\n\n<h2 class=\"wp-block-heading\">Freude an der Arbeit<\/h2>\n\n\n<div class=\"g-tm g-tm--tm g-tm--regular l-container\"><div class=\"g-tm__text l-editor\">\n\n<p>Arbeitsfreude ist das, was uns voranbringt.<br>35 Jahre Erfahrung. 89,7 Engagement-Punkte. Ein starkes Unternehmen steht auf einer starken Kultur.<br>Lesen Sie im <a href=\"https:\/\/www.regio.ee\/de\/bei-regio-arbeitet-man-gern\/\">Blog von Regio<\/a> mehr dar\u00fcber, warum und wie wir Arbeitsfreude und Engagement messen \u2013 und welche Schl\u00fcsse wir daraus ziehen.<\/p>\n\n\n<div class=\"g-container g-container--spacer bg-transparent pt50\"><\/div>\n\n\n<h2 class=\"wp-block-heading\">Qualit\u00e4t<\/h2>\n\n\n\n<p>Das Wichtigste f\u00fcr uns ist das Vertrauen unserer Kunden. Es basiert auf der Einhaltung unserer Versprechen und der Lieferung qualitativ hochwertiger Arbeit. Ein gutes Ergebnis bereitet Freude \u2013 sowohl uns als auch unseren Kunden.<\/p>\n\n\n\n<p>Regio ist seit 2006 nach dem Qualit\u00e4tsmanagementstandard ISO 9001 zertifiziert.<\/p>\n\n\n<div class=\"g-arrow-link\"><a href=\"https:\/\/www.regio.ee\/wp-content\/uploads\/2025\/03\/regio_ISO_9001_certification_ENG.pdf\" target=\"_blank\" class=\"text-primary\">Zertifikat<svg width=\"12.002\" height=\"21.001\" viewBox=\"0 0 12.002 21.001\"><path d=\"M6692.438,9659.563a1.5,1.5,0,0,1,0-2.123l7.94-7.941-7.94-7.939a1.5,1.5,0,0,1,2.122-2.117l9,9a1.5,1.5,0,0,1,0,2.123l-9,9a1.505,1.505,0,0,1-2.122,0Z\" transform=\"translate(-6691.999 -9638.999)\" fill=\"currentColor\"\/><\/svg><\/a><\/div>\n<\/div><div class=\"g-tm__media\"><div class=\"g-tm__slider\"><div class=\"g-tm__slide splide__slide\"><img loading=\"lazy\" decoding=\"async\" width=\"490\" height=\"320\" src=\"https:\/\/www.regio.ee\/wp-content\/uploads\/fly-images\/27456\/regio_geoinformaatik-490x320-c.jpg\" alt=\"geoinformaatik t\u00f6\u00f6hoos\" draggable=\"false\"\/><\/div><\/div><\/div><\/div>\n\n<div class=\"g-container g-container--spacer bg-transparent pt50\"><\/div>\n\n\n<h2 class=\"wp-block-heading\">Mitgliedschaften<\/h2>\n\n\n<ama-row class=\"g-logos l-container\" gap-mobile=\"var(--ama-gutter-half)\"><ama-col col=\"3\" col-768=\"4\" col-600=\"6\" class=\"g-logos__item g-logos__item--link\"><a href=\"https:\/\/www.ahk-balt.org\/de\" target=\"_blank\" rel=\"noopener\"><img loading=\"lazy\" decoding=\"async\" width=\"399\" height=\"123\" src=\"https:\/\/www.regio.ee\/wp-content\/uploads\/2025\/03\/logo_AHK_DE_RGB_deutch_baltische_handelskammer.svg\" alt=\"logo AHK Deuch-Baltische Handelskammer\" draggable=\"false\"\/><\/a><\/ama-col><ama-col col=\"3\" col-768=\"4\" col-600=\"6\" class=\"g-logos__item g-logos__item--link\"><a href=\"https:\/\/www.e-kaubanduseliit.ee\/en\" target=\"_blank\" rel=\"noopener\"><img loading=\"lazy\" decoding=\"async\" width=\"399\" height=\"39\" src=\"https:\/\/www.regio.ee\/wp-content\/uploads\/2025\/03\/logo_e_commerce_association_ekaubanduse_liit.svg\" alt=\"logo Estonian e-Commerce Association\" draggable=\"false\"\/><\/a><\/ama-col><ama-col col=\"3\" col-768=\"4\" col-600=\"6\" class=\"g-logos__item g-logos__item--link\"><a href=\"https:\/\/estbook.com\/en\" target=\"_blank\" rel=\"noopener\"><img loading=\"lazy\" decoding=\"async\" width=\"400\" height=\"140\" src=\"https:\/\/www.regio.ee\/wp-content\/uploads\/2025\/03\/logo_eesti_kirjastuste_liit_rgb.svg\" alt=\"logo Eesti Kirjastuste Liit\" draggable=\"false\"\/><\/a><\/ama-col><ama-col col=\"3\" col-768=\"4\" col-600=\"6\" class=\"g-logos__item g-logos__item--link\"><a href=\"https:\/\/imiamaps.org\/\" target=\"_blank\" rel=\"noopener\"><img loading=\"lazy\" decoding=\"async\" width=\"400\" height=\"200\" src=\"https:\/\/www.regio.ee\/wp-content\/uploads\/2025\/07\/logo_IMIA_international_map_industry_association_member.svg\" alt=\"Mitglied im IMIA\" draggable=\"false\"\/><\/a><\/ama-col><\/ama-row>\n<\/ama-col><\/ama-row>\n","protected":false},"excerpt":{"rendered":"<p>Regio \u2013 Experte f\u00fcr Geodaten und Kartografie Regio hat sich auf Erfassung, Verarbeitung und Visualisierung von Geodaten gewidmet. Wir erstellen und\u2026<\/p>\n","protected":false},"author":1,"featured_media":0,"parent":27980,"menu_order":73,"comment_status":"closed","ping_status":"closed","template":"","meta":{"_acf_changed":false,"footnotes":""},"class_list":["post-27974","page","type-page","status-publish","hentry"],"acf":[],"_links":{"self":[{"href":"https:\/\/www.regio.ee\/de\/wp-json\/wp\/v2\/pages\/27974","targetHints":{"allow":["GET"]}}],"collection":[{"href":"https:\/\/www.regio.ee\/de\/wp-json\/wp\/v2\/pages"}],"about":[{"href":"https:\/\/www.regio.ee\/de\/wp-json\/wp\/v2\/types\/page"}],"author":[{"embeddable":true,"href":"https:\/\/www.regio.ee\/de\/wp-json\/wp\/v2\/users\/1"}],"replies":[{"embeddable":true,"href":"https:\/\/www.regio.ee\/de\/wp-json\/wp\/v2\/comments?post=27974"}],"version-history":[{"count":10,"href":"https:\/\/www.regio.ee\/de\/wp-json\/wp\/v2\/pages\/27974\/revisions"}],"predecessor-version":[{"id":31950,"href":"https:\/\/www.regio.ee\/de\/wp-json\/wp\/v2\/pages\/27974\/revisions\/31950"}],"up":[{"embeddable":true,"href":"https:\/\/www.regio.ee\/de\/wp-json\/wp\/v2\/pages\/27980"}],"wp:attachment":[{"href":"https:\/\/www.regio.ee\/de\/wp-json\/wp\/v2\/media?parent=27974"}],"curies":[{"name":"wp","href":"https:\/\/api.w.org\/{rel}","templated":true}]}}