{"id":27973,"date":"2024-10-30T13:13:14","date_gmt":"2024-10-30T13:13:14","guid":{"rendered":"https:\/\/regio-ee.vserver.zonevs.eu\/ajalugu\/"},"modified":"2025-05-29T17:05:59","modified_gmt":"2025-05-29T17:05:59","slug":"geschichte","status":"publish","type":"page","link":"https:\/\/www.regio.ee\/de\/uns\/geschichte\/","title":{"rendered":"Unsere Geschichte"},"content":{"rendered":"\n<div class=\"g-container l-gutenberg\">\n<div class=\"g-banner c-banner l-container\"><ama-row class=\"c-banner__main bg-primary text-white c-banner__main--has-background\"><img loading=\"lazy\" decoding=\"async\" class=\"c-banner__bg\" width=\"1410\" height=\"560\" src=\"https:\/\/www.regio.ee\/wp-content\/uploads\/fly-images\/27444\/banner_regio_voldik_eesti_teed_1989-1410x560-c.jpg\" alt=\"Regio voldik Eesti teed aastast 1989\" draggable=\"false\"\/><\/ama-row><ama-row class=\"c-banner-links bg-white\" justify-content=\"center\"><ama-col class=\"c-banner-links__links c-banner-links__links--global\" col=\"10\" col-1300=\"11\" col-600=\"12\"><a href=\"https:\/\/www.regio.ee\/de\/dienstleistungen\/gislosungen\/\" class=\"c-banner-links__links-item\">Geoinformatische L\u00f6sungen<\/a><hr class=\"c-banner-links__links-separator\"\/><a href=\"https:\/\/www.regio.ee\/de\/dienstleistungen\/baltischegeodaten\/\" class=\"c-banner-links__links-item\">Geodaten der baltischen Staaten<\/a><hr class=\"c-banner-links__links-separator\"\/><a href=\"https:\/\/www.regio.ee\/de\/dienstleistungen\/karten\/\" class=\"c-banner-links__links-item\">Karten und Kartenanwendungen<\/a><hr class=\"c-banner-links__links-separator\"\/><a href=\"https:\/\/pood.regio.ee\/en\/pood\/\" target=\"_blank\" class=\"c-banner-links__links-item c-banner-links__links-item--shop\" rel=\"noopener\">Onlineshop<svg width=\"50\" height=\"48\" viewBox=\"0 0 50 48\"><path d=\"M49.711,22.3a1.6,1.6,0,0,0-1.247-.7L17.449,20.241a1.637,1.637,0,0,0-.138,3.27l28.916,1.271L40.541,42.876H15.24L10.669,17.489a1.629,1.629,0,0,0-.991-1.227l-7.486-3a1.6,1.6,0,0,0-2.08.924,1.648,1.648,0,0,0,.906,2.122l6.657,2.667,4.652,25.833A1.614,1.614,0,0,0,13.9,46.148h.772l-1.762,4.992a1.384,1.384,0,0,0,.164,1.246,1.329,1.329,0,0,0,1.093.58h1.236a4.935,4.935,0,0,0-1.236,3.273,4.814,4.814,0,1,0,9.626,0,4.936,4.936,0,0,0-1.236-3.273H33.054a4.934,4.934,0,0,0-1.236,3.273,4.814,4.814,0,1,0,9.626,0,4.936,4.936,0,0,0-1.236-3.273h1.5a1.364,1.364,0,0,0,0-2.727H16.073l1.444-4.091H41.711a1.607,1.607,0,0,0,1.527-1.137l6.684-21.273A1.66,1.66,0,0,0,49.711,22.3ZM18.984,58.421a2.182,2.182,0,1,1,2.139-2.182A2.163,2.163,0,0,1,18.984,58.421Zm17.647,0A2.182,2.182,0,1,1,38.77,56.24,2.163,2.163,0,0,1,36.631,58.421Z\" transform=\"translate(0 -13.148)\"\/><\/svg><\/a><\/ama-col><\/ama-row><\/div>\n<\/div>\n\n<ama-row class=\"g-box g-box--type-white bg-white l-container mt50 mb50\" justify-content=\"center\"><ama-col class=\"g-box__content l-gutenberg l-editor\" col=\"10\" col-mobile=\"12\">\n\n<h1 class=\"wp-block-heading\">Die Geschichte von Regio<\/h1>\n\n\n<ama-row class=\"g-lw l-editor\"><ama-col col=\"9\" col-mobile=\"12\">\n\n<p><strong>Die Idee<\/strong>, mit der Ver\u00f6ffentlichung von Karten zu beginnen, wurde verwirklicht in der zweiten H\u00e4lfte des Jahres 1987 <strong>von den Geographiestudenten der Staatlichen Universit\u00e4t Tartu<\/strong>. Genau zu dieser Zeit wurde in Tartu mit der inhaltlichen Ausarbeitung der Karten und den Vorbereitungen f\u00fcr deren Produktion begonnen.<\/p>\n\n\n\n<p>Das Baukomitee der Estnischen SSR hatte die Genehmigung erhalten, mit Kleinunternehmentum zu experimentieren, was wiederum die Gr\u00fcndung eines Forschungs- und Entwicklungsunternehmens m\u00f6glich machte. So wurde beim Ministerium ein Auftrag auf Gr\u00fcndung des <strong>Forschungs- und Entwicklungsgesellschaft Regio (TAF Regio)<\/strong> beantragt. Regio erlangte den Status eines Forschungs- und Entwicklungsunternehmens und wurde zugleich zur praktischen <strong>Ausbildungsbasis der Universit\u00e4t<\/strong>.<\/p>\n\n\n\n<p>Bald konzentrierte man sich zunehmend auf die Produktion von Karten, die Forschung geriet in den Hintergrund.<\/p>\n\n\n\n<p><strong>1991 wurde TAF Regio zur Aktiengesellschaft namens AS Regio umgewandelt.<\/strong><\/p>\n\n\n<div class=\"g-container g-container--spacer bg-transparent pt50\"><\/div>\n\n\n<p class=\"has-medium-font-size\"><strong>1989<\/strong> Die erste Karte unter dem Namen Regio wurde ver\u00f6ffentlicht \u2013 die Stra\u00dfenkarte Estlands (Ma\u00dfstab 1:400.000). Es handelte sich um die erste detaillierte, in Estland erstellte und offiziell ver\u00f6ffentlichte Stra\u00dfenkarte ohne absichtliche Verzerrungen. Damit wurde die damalige Zensur gebrochen und die Kartenknappheit der Sowjetzeit beendet. Die Auflage betrug stolze 100.000 gedruckte Exemplare.<\/p>\n\n\n\n<p class=\"has-medium-font-size\"><strong>1993<\/strong> In Zusammenarbeit mit der Seefahrtsbeh\u00f6rde wurde die erste Seekarte Estlands seit \u00fcber 53 Jahren ver\u00f6ffentlicht.<\/p>\n\n\n\n<p class=\"has-medium-font-size\"><strong>1994<\/strong> Regio war das erste Unternehmen in Estland, das vollst\u00e4ndig auf digitale Kartenerstellung umstellte.<\/p>\n\n\n\n<p class=\"has-medium-font-size\"><strong>1994<\/strong> Erstausgabe des legend\u00e4ren Regio-Stra\u00dfenatlas.<\/p>\n\n\n\n<p class=\"has-medium-font-size\"><strong>1995<\/strong> Ein estnischsprachiger Globus mit \u00fcber 3000 estnischen Ortsnamen wurde herausgegeben.<\/p>\n\n\n\n<p class=\"has-medium-font-size\"><strong>1997<\/strong> In Zusammenarbeit mit IBS wurde der erste \u00f6ffentliche Internetserver fertiggestellt, und als logische Fortsetzung dessen begannen wir 2001, Online-Kartendienste anzubieten \u2013 noch bevor Google Maps oder X-GIS des estnischen Landesbauamts auf den Markt kamen.<\/p>\n\n\n\n<p class=\"has-medium-font-size\"><strong>1997<\/strong> Umstellung der Kartenproduktion auf Datenbankbasis und Erstellung der ersten Stra\u00dfenkarte samt Routenberechnung f\u00fcr die Benutzung am Computer \u2013 erscheint der erste Regio-CD-Atlas.<\/p>\n\n\n\n<p class=\"has-medium-font-size\"><strong>2002<\/strong> Estnische Stra\u00dfendaten wurden in den Webl\u00f6sungen von Maporama verf\u00fcgbar.<\/p>\n\n\n\n<p class=\"has-medium-font-size\"><strong>2002<\/strong> Wir sind bekannt daf\u00fcr, als erstes Unternehmen weltweit, Karten zum Anh\u00f6ren auf Mobiltelefonen verf\u00fcgbar gemacht zu haben \u2013 wir haben einen mobilen Audiof\u00fchrer bzw Regio T-Nummer erstellt.<\/p>\n\n\n\n<p class=\"has-medium-font-size\"><strong>2005<\/strong> Die Navigationsdatenbank f\u00fcr das Baltikum durch die Partnerschaft mit dem globalen Navigationsdatenanbieter Navtech\/Navteq (sp\u00e4ter Here) wird erheblich erweitert.<\/p>\n\n\n\n<p class=\"has-medium-font-size\"><strong>2005<\/strong> Erstellung der ersten Webkarte f\u00fcr das Nachrichtenportal Delfi erstellt \u2013 heute ein Branchenstandard.<\/p>\n\n\n\n<p class=\"has-medium-font-size\"><strong>2005<\/strong> Beginn mehrj\u00e4hriger Zusammenarbeit mit der Deutschen Flugsicherung GmbH (DFS) zur Erstellung von Luftfahrtkarten.<\/p>\n\n\n\n<p class=\"has-medium-font-size\"><strong>2006<\/strong> Erlangung des Zertifikats nach ISO 9001 f\u00fcr Qualit\u00e4tsmanagementssysteme.<\/p>\n\n\n\n<p class=\"has-medium-font-size\"><strong>2007<\/strong> Regio-Daten wurden in den Michelin-Atlas der baltischen Staaten integriert.<\/p>\n\n\n\n<p class=\"has-medium-font-size\"><strong>2008<\/strong> Regio-Daten wurden auf Garmin-GPS-Ger\u00e4ten verf\u00fcgbar \u2013 ein unverzichtbares Hilfsmittel f\u00fcr Wanderer, Angler und einfache Naturliebhaber.<\/p>\n\n\n\n<p class=\"has-medium-font-size\"><strong>2008<\/strong> Intensivierung der Zusammenarbeit mit verschiedenen Navigationssoftwareunternehmen wie TeleAtlas und TopMap (NavnGO).<\/p>\n\n\n\n<p class=\"has-medium-font-size\"><strong>2008<\/strong> Erscheint der erste Kinderatlas, gefolgt vom beliebten Lotte-Atlas, der Kinder bis heute begeistert.<\/p>\n\n\n\n<p class=\"has-medium-font-size\"><strong>2010<\/strong> Beginn der Zusammenarbeit mit Google: Infos \u00fcber Sehensw\u00fcrdigkeiten erscheinen in Google Maps, Regio nimmt im Rahmen der ersten Feldarbeit an den Google StreetView-Fahrten im Baltikum teil.<\/p>\n\n\n\n<p class=\"has-medium-font-size\"><strong>2011<\/strong> Die erste mobile App &#8222;Bildkarten von Estland&#8220; wird ver\u00f6ffentlicht.<\/p>\n\n\n\n<p class=\"has-medium-font-size\"><strong>2013<\/strong> Dem Regio-Stra\u00dfenatlas Estland wird eine kostenlose App f\u00fcr Smartphones mit iOS und Android-Betriebssystemen hinzugef\u00fcgt.<\/p>\n\n\n\n<p class=\"has-medium-font-size\"><strong>2015<\/strong> Bei der Aktualisierung der physischen Wandkarte Estlands wird der neue h\u00f6chste Punkt des Sakala-H\u00f6henzugs entdeckt \u2013 der Berg H\u00e4rjassaare.<\/p>\n\n\n\n<p class=\"has-medium-font-size\"><strong>2016<\/strong> Die Regio AS wird in zwei Unternehmen aufgeteilt. Aus der Abteilung f\u00fcr Karten, Geodaten und GIS-L\u00f6sungen wird ein neues Unternehmen gegr\u00fcndet, Regio O\u00dc.<\/p>\n\n\n\n<p class=\"has-medium-font-size\"><strong>2016<\/strong> Beginnt die Zusammenarbeit im Bereich der Datenverarbeitung f\u00fcr die Glasfaserplanung mit Estonian Fiber O\u00dc, aastrix, TKI und Voss Telecom Services GmbH.<\/p>\n\n\n\n<p class=\"has-medium-font-size\"><strong>2019<\/strong> Der erste Estnische Nationalatlas wird in Zusammenarbeit mit den Geographen der Universit\u00e4t Tartu und den Kartografen von Regio ver\u00f6ffentlicht.<\/p>\n\n\n\n<p class=\"has-medium-font-size\"><strong>2020<\/strong> Die Qualit\u00e4t der baltischen Datenbank \u2013 insbesondere der Navigationsdaten \u2013 verbessert sich dank der Zusammenarbeit mit einem namhaften globalen Technologieunternehmen erheblich.<\/p>\n\n\n\n<p class=\"has-medium-font-size\"><strong>2021<\/strong> In Zusammenarbeit mit dem lettischen Unternehmen J\u0101\u0146a s\u0113ta entsteht TerraLexicon \u2013 eine Webl\u00f6sung mit automatischem \u00dcbersetzungsdienst, mit der Ortsnamen auf der Karte direkt in der Designdatei in viele Sprachen \u00fcbersetzt werden k\u00f6nnen.<\/p>\n\n\n\n<p class=\"has-medium-font-size\"><strong>2022<\/strong> Die 22. Ausgabe des estnischen Stra\u00dfenatlasses erscheint \u2013 gleichzeitig feiern wir den 25. Jahrestag seit der Ver\u00f6ffentlichung der ersten Ausgabe. Insgesamt wurden in den vergangenen 25 Jahren rund 190.000 Exemplare des Regio Estonian Road Atlas ver\u00f6ffentlicht.<\/p>\n\n\n\n<p class=\"has-medium-font-size\"><strong>2023<\/strong> Regio erreicht den \u00c4rip\u00e4ev Gazellen-Top bzw das Ranking der schnell wachsenden Unternehmen.<\/p>\n\n\n\n<p><strong>2024<\/strong> Regios baltische Geodatenbank wird erfolgreich auf die Open-Source-Plattform PostgreSQL \u00fcbertragen.<\/p>\n\n<\/ama-col><\/ama-row>\n<\/ama-col><\/ama-row>\n","protected":false},"excerpt":{"rendered":"<p>Die Geschichte von Regio Die Idee, mit der Ver\u00f6ffentlichung von Karten zu beginnen, wurde verwirklicht in der zweiten H\u00e4lfte des Jahres\u2026<\/p>\n","protected":false},"author":1,"featured_media":0,"parent":27980,"menu_order":70,"comment_status":"closed","ping_status":"closed","template":"","meta":{"_acf_changed":false,"footnotes":""},"class_list":["post-27973","page","type-page","status-publish","hentry"],"acf":[],"_links":{"self":[{"href":"https:\/\/www.regio.ee\/de\/wp-json\/wp\/v2\/pages\/27973","targetHints":{"allow":["GET"]}}],"collection":[{"href":"https:\/\/www.regio.ee\/de\/wp-json\/wp\/v2\/pages"}],"about":[{"href":"https:\/\/www.regio.ee\/de\/wp-json\/wp\/v2\/types\/page"}],"author":[{"embeddable":true,"href":"https:\/\/www.regio.ee\/de\/wp-json\/wp\/v2\/users\/1"}],"replies":[{"embeddable":true,"href":"https:\/\/www.regio.ee\/de\/wp-json\/wp\/v2\/comments?post=27973"}],"version-history":[{"count":2,"href":"https:\/\/www.regio.ee\/de\/wp-json\/wp\/v2\/pages\/27973\/revisions"}],"predecessor-version":[{"id":28631,"href":"https:\/\/www.regio.ee\/de\/wp-json\/wp\/v2\/pages\/27973\/revisions\/28631"}],"up":[{"embeddable":true,"href":"https:\/\/www.regio.ee\/de\/wp-json\/wp\/v2\/pages\/27980"}],"wp:attachment":[{"href":"https:\/\/www.regio.ee\/de\/wp-json\/wp\/v2\/media?parent=27973"}],"curies":[{"name":"wp","href":"https:\/\/api.w.org\/{rel}","templated":true}]}}