{"id":27969,"date":"2024-10-30T13:38:31","date_gmt":"2024-10-30T13:38:31","guid":{"rendered":"https:\/\/regio-ee.vserver.zonevs.eu\/privaatsuspoliitika\/"},"modified":"2025-06-19T13:44:10","modified_gmt":"2025-06-19T13:44:10","slug":"datenschutzerklarung","status":"publish","type":"page","link":"https:\/\/www.regio.ee\/de\/datenschutzerklarung\/","title":{"rendered":"Datenschutzerkl\u00e4rung"},"content":{"rendered":"\n\n<div class=\"g-container l-gutenberg\">\n<div class=\"g-banner c-banner l-container\"><ama-row class=\"c-banner__main bg-primary text-white\"><ama-col class=\"c-banner__main-content\" col=\"4\" offset=\"1\" col-mobile=\"8\" col-768=\"10\"><div class=\"c-banner__title\"><\/div><\/ama-col><\/ama-row><\/div>\n<\/div>\n\n\n<ama-row class=\"g-box g-box--type-white bg-white l-container mt50\" justify-content=\"center\"><ama-col class=\"g-box__content l-gutenberg l-editor\" col=\"10\" col-mobile=\"12\">\n\n<p>Diese Datenschutzerkl\u00e4rung erl\u00e4utert, wie Regio O\u00dc (im Folgenden \u201ewir\u201c oder \u201eRegio\u201c) Ihre personenbezogenen Daten erhebt, verwendet, sch\u00fctzt und weitergibt.<\/p>\n\n\n\n<p>Verantwortlicher f\u00fcr die Verarbeitung der auf der Website <a href=\"https:\/\/www.regio.ee\/en\/\" data-type=\"page\" data-id=\"27873\" target=\"_blank\" rel=\"noreferrer noopener\">www.regio.ee<\/a> und im Onlineshop <a href=\"https:\/\/pood.regio.ee\/en\/pood\/\" target=\"_blank\" rel=\"noreferrer noopener\">pood.regio.ee\/pood<\/a> erhobenen Daten ist Regio O\u00dc.&nbsp; <br>Registrierungscode: 12971967<br>Adresse: V\u00e4ike-T\u00e4he 20, 51010 Tartu, Estland<br>Telefon: +372 731 0122<br>E-Mail: <a href=\"mailto:maps@regio.ee\">maps@regio.ee<\/a><\/p>\n\n\n<div class=\"g-container g-container--spacer bg-transparent pt30\"><\/div>\n\n\n<h5 class=\"wp-block-heading\">Verarbeitung personenbezogener Daten<\/h5>\n\n\n\n<h6 class=\"wp-block-heading\">Erhobene personenbezogene Daten<\/h6>\n\n\n\n<p>Beim Besuch unserer Website oder unseres Onlineshops bzw. bei der Nutzung unserer Dienstleistungen erhebt Regio die folgenden vom Nutzer eingegebenen Daten:<\/p>\n\n\n\n<ul class=\"wp-block-list\">\n<li>Name, Telefonnummer und E-Mail-Adresse, Adresse;<\/li>\n\n\n\n<li>Lieferadresse;<\/li>\n\n\n\n<li>Bankkontonummer;<\/li>\n\n\n\n<li>Angaben zu den Kosten von Waren und Dienstleistungen sowie zahlungsbezogene Daten (Kaufhistorie).<\/li>\n<\/ul>\n\n\n\n<p>Zahlungsinformationen: \u00fcber unseren Zahlungsdienstleister Montonio Finance O\u00dc oder bei Zahlung per Rechnung \u00fcber Bank\u00fcberweisung.<\/p>\n\n\n\n<p>Webseitenbesuchsdaten gem\u00e4\u00df den gew\u00e4hlten Cookies: IP-Adresse, Cookies, Nutzung der Website, Browserverlauf.<\/p>\n\n\n<div class=\"g-container g-container--spacer bg-transparent pt20\"><\/div>\n\n\n<h6 class=\"wp-block-heading\">Erbringung von Dienstleistungen, Bestellabwicklung und Warenlieferung<\/h6>\n\n\n\n<ul class=\"wp-block-list\">\n<li>Erbringung von Dienstleistungen und Ausf\u00fchrung von Bestellungen<\/li>\n\n\n\n<li>Kommunikation, einschlie\u00dflich Kundenservice und Benachrichtigungen<\/li>\n\n\n\n<li>Verbesserung der Website, des Onlineshops und unserer Dienste<\/li>\n\n\n\n<li>Die IP-Adresse und andere Netzwerkkennungen des Nutzers des Onlineshops werden zum Zweck der Bereitstellung des Onlineshops als Dienst der Informationsgesellschaft sowie zur Erstellung von Webnutzungsstatistiken verarbeitet.<\/li>\n\n\n\n<li>Marketingaktivit\u00e4ten (nur mit Ihrer Einwilligung)<\/li>\n<\/ul>\n\n\n<div class=\"g-container g-container--spacer bg-transparent pt20\"><\/div>\n\n\n<h6 class=\"wp-block-heading\">Rechtsgrundlagen f\u00fcr die Verarbeitung personenbezogener Daten<\/h6>\n\n\n\n<p>Die Rechtsgrundlage f\u00fcr die Erhebung personenbezogener Daten h\u00e4ngt vom jeweiligen Kontext ab. <\/p>\n\n\n\n<p>Personenbezogene Daten werden in der Regel nur dann erhoben, wenn:<\/p>\n\n\n\n<ul class=\"wp-block-list\">\n<li>eine Einwilligung vorliegt (z.\u202fB. zu Marketingzwecken);<\/li>\n\n\n\n<li>die Daten zur Ausf\u00fchrung eines Auftrags erforderlich sind (z.\u202fB. zur Ausstellung einer Rechnung und zur Lieferung von Waren);<\/li>\n\n\n\n<li>die Daten werden zur Erf\u00fcllung einer rechtlichen Verpflichtung ben\u00f6tigt (z.\u202fB. f\u00fcr Buchhaltungszwecke oder zur Beilegung von Verbraucherstreitigkeiten) oder wenn ein berechtigtes Interesse besteht, das die Datenschutzinteressen sowie die Grundrechte und -freiheiten nicht \u00fcberwiegt (z.\u202fB. zur Einholung von Feedback zur Verbesserung unserer Dienstleistungen).<\/li>\n<\/ul>\n\n\n<div class=\"g-container g-container--spacer bg-transparent pt20\"><\/div>\n\n\n<h6 class=\"wp-block-heading\">Weitergabe personenbezogener Daten<\/h6>\n\n\n\n<p>Wir geben personenbezogene Daten in folgenden F\u00e4llen an Dritte weiter:<\/p>\n\n\n\n<ul class=\"wp-block-list\">\n<li>Dienstleister: z.\u202fB. Lieferdienste, Buchhaltungs- und Finanzdienstleister, Marketingagenturen, juristische Dienstleister.<\/li>\n\n\n\n<li>Banken und Zahlungsdienstleister: zur Abwicklung von Zahlungsvorg\u00e4ngen.<\/li>\n\n\n\n<li>Gesetzliche Verpflichtungen: z.\u202fB. an Gerichte oder Beh\u00f6rden, wenn dies gesetzlich vorgeschrieben ist.<\/li>\n<\/ul>\n\n\n<div class=\"g-container g-container--spacer bg-transparent pt20\"><\/div>\n\n\n<h6 class=\"wp-block-heading\">Sicherheit personenbezogener Daten<\/h6>\n\n\n\n<p>Regio O\u00dc trifft angemessene Sicherheitsma\u00dfnahmen, um Ihre personenbezogenen Daten vor unbefugtem Zugriff, Ver\u00e4nderung, Zerst\u00f6rung oder Offenlegung zu sch\u00fctzen. Die Datenverarbeitung erfolgt im Einklang mit den geltenden Gesetzen und bew\u00e4hrten Datenschutzpraktiken.<\/p>\n\n\n<div class=\"g-container g-container--spacer bg-transparent pt20\"><\/div>\n\n\n<h6 class=\"wp-block-heading\">Cookies<\/h6>\n\n\n\n<p>Die Website und der Onlineshop von Regio verwenden Cookies, um Ihr Nutzungserlebnis zu verbessern. Durch die weitere Nutzung unserer Website stimmen Sie der Verwendung von Cookies zu. Nicht notwendige Cookies werden nur mit Ihrer Zustimmung verwendet.<\/p>\n\n\n<div class=\"g-container g-container--spacer bg-transparent pt20\"><\/div>\n\n\n<h6 class=\"wp-block-heading\">Speicherdauer der Daten<\/h6>\n\n\n\n<p>Wir speichern Ihre personenbezogenen Daten nur so lange, wie es zur Erf\u00fcllung der jeweiligen Zwecke notwendig ist oder wie es gesetzlich vorgeschrieben ist.<\/p>\n\n\n\n<p>Beim Schlie\u00dfen eines Kundenkontos im Onlineshop werden die personenbezogenen Daten gel\u00f6scht, es sei denn, sie m\u00fcssen f\u00fcr buchhalterische Zwecke oder zur Beilegung von Verbraucherstreitigkeiten aufbewahrt werden.<br>Wurde ein Kauf im Onlineshop ohne Kundenkonto get\u00e4tigt, wird die Kaufhistorie drei Jahre lang aufbewahrt.<br>Bei Zahlungs- oder Verbraucherstreitigkeiten werden personenbezogene Daten bis zur Erf\u00fcllung der Forderung oder bis zum Ablauf der Verj\u00e4hrungsfrist gespeichert.<br>Personenbezogene Daten, die f\u00fcr buchhalterische Zwecke erforderlich sind, werden sieben Jahre lang aufbewahrt.<\/p>\n\n\n<div class=\"g-container g-container--spacer bg-transparent pt20\"><\/div>\n\n\n<h6 class=\"wp-block-heading\">Ihre Rechte<\/h6>\n\n\n\n<ul class=\"wp-block-list\">\n<li>Recht auf Auskunft.<\/li>\n\n\n\n<li>Recht auf Berichtigung, Erg\u00e4nzung oder L\u00f6schung.<\/li>\n\n\n\n<li>Recht auf Einschr\u00e4nkung der Verarbeitung.<\/li>\n\n\n\n<li>Recht auf Beschwerde bei der Datenschutzaufsichtsbeh\u00f6rde.<\/li>\n<\/ul>\n\n\n<div class=\"g-container g-container--spacer bg-transparent pt20\"><\/div>\n\n\n<h6 class=\"wp-block-heading\">Direktmarketing-Mitteilungen<\/h6>\n\n\n\n<p>Ihre E-Mail-Adresse und Telefonnummer k\u00f6nnen f\u00fcr Direktmarketing verwendet werden, sofern Sie dem zugestimmt haben. Wenn Sie keine Marketingmitteilungen mehr erhalten m\u00f6chten, k\u00f6nnen Sie den Abmeldelink in der Fu\u00dfzeile der E-Mail nutzen oder den Kundenservice unter <a href=\"mailto:maps@regio.ee\">maps@regio.ee<\/a> kontaktieren.<\/p>\n\n\n<div class=\"g-container g-container--spacer bg-transparent pt20\"><\/div>\n\n\n<p>Regio verarbeitet Ihre personenbezogenen Daten stets innerhalb der Europ\u00e4ischen Union.<\/p>\n\n\n\n<p>In bestimmten F\u00e4llen k\u00f6nnen unsere vertraglichen Dienstleister Ihre personenbezogenen Daten in L\u00e4nder au\u00dferhalb der Europ\u00e4ischen Union \u00fcbermitteln oder dort verarbeiten. In solchen F\u00e4llen stellen wir sicher, dass der Schutz Ihrer personenbezogenen Daten durch geeignete Schutzma\u00dfnahmen beim Datentransfer au\u00dferhalb der Europ\u00e4ischen Union ausreichend gew\u00e4hrleistet ist.<\/p>\n\n\n\n<p>Anfragen oder Antr\u00e4ge im Zusammenhang mit Ihren personenbezogenen Daten k\u00f6nnen Sie per E-Mail an <a href=\"mailto:maps@regio.ee\">maps@regio.ee<\/a> richten.<br>Regio O\u00dc beh\u00e4lt sich das Recht vor, innerhalb von 30 Tagen auf unterschriebene Antr\u00e4ge zu antworten.<br>Wenn die Identit\u00e4t nicht verifiziert werden kann oder der Antrag unbegr\u00fcndet ist, kann dieser abgelehnt werden.<\/p>\n\n\n\n<p>Sie haben jederzeit das Recht, sich zur Wahrung Ihrer Datenschutzrechte an die Datenschutzaufsichtsbeh\u00f6rde (<a href=\"https:\/\/www.aki.ee\/en\" target=\"_blank\" rel=\"noreferrer noopener\">www.aki.ee<\/a>) oder an das zust\u00e4ndige Gericht (<a href=\"https:\/\/www.kohus.ee\/en\" target=\"_blank\" rel=\"noreferrer noopener\">www.kohus.ee<\/a>) zu wenden.<\/p>\n\n<\/ama-col><\/ama-row>\n","protected":false},"excerpt":{"rendered":"<p>Diese Datenschutzerkl\u00e4rung erl\u00e4utert, wie Regio O\u00dc (im Folgenden \u201ewir\u201c oder \u201eRegio\u201c) Ihre personenbezogenen Daten erhebt, verwendet, sch\u00fctzt und weitergibt. Verantwortlicher f\u00fcr\u2026<\/p>\n","protected":false},"author":1,"featured_media":0,"parent":0,"menu_order":32,"comment_status":"closed","ping_status":"closed","template":"","meta":{"_acf_changed":false,"footnotes":""},"class_list":["post-27969","page","type-page","status-publish","hentry"],"acf":[],"_links":{"self":[{"href":"https:\/\/www.regio.ee\/de\/wp-json\/wp\/v2\/pages\/27969","targetHints":{"allow":["GET"]}}],"collection":[{"href":"https:\/\/www.regio.ee\/de\/wp-json\/wp\/v2\/pages"}],"about":[{"href":"https:\/\/www.regio.ee\/de\/wp-json\/wp\/v2\/types\/page"}],"author":[{"embeddable":true,"href":"https:\/\/www.regio.ee\/de\/wp-json\/wp\/v2\/users\/1"}],"replies":[{"embeddable":true,"href":"https:\/\/www.regio.ee\/de\/wp-json\/wp\/v2\/comments?post=27969"}],"version-history":[{"count":6,"href":"https:\/\/www.regio.ee\/de\/wp-json\/wp\/v2\/pages\/27969\/revisions"}],"predecessor-version":[{"id":29275,"href":"https:\/\/www.regio.ee\/de\/wp-json\/wp\/v2\/pages\/27969\/revisions\/29275"}],"wp:attachment":[{"href":"https:\/\/www.regio.ee\/de\/wp-json\/wp\/v2\/media?parent=27969"}],"curies":[{"name":"wp","href":"https:\/\/api.w.org\/{rel}","templated":true}]}}