{"id":27875,"date":"2024-10-29T13:07:30","date_gmt":"2024-10-29T13:07:30","guid":{"rendered":"https:\/\/regio-ee.vserver.zonevs.eu\/hauptseite\/"},"modified":"2026-03-05T08:29:30","modified_gmt":"2026-03-05T08:29:30","slug":"hauptseite","status":"publish","type":"page","link":"https:\/\/www.regio.ee\/de\/","title":{"rendered":"Hauptseite"},"content":{"rendered":"\n<div class=\"g-container l-gutenberg\">\n<div class=\"c-banner l-container\"><div class=\"c-banner__slider\"><div class=\"c-banner__slide splide__slide\"><ama-row class=\"c-banner__main bg-primary text-white c-banner__main--has-background\"><img loading=\"lazy\" decoding=\"async\" class=\"c-banner__bg\" width=\"1410\" height=\"560\" src=\"https:\/\/www.regio.ee\/wp-content\/uploads\/fly-images\/27410\/banner_kosmos-1410x560-c.jpg\" alt=\"banner_kosmos\" draggable=\"false\"\/><ama-col class=\"c-banner__main-content\" col=\"4\" offset=\"1\" col-mobile=\"8\" col-768=\"10\"><div class=\"c-banner__subtitle\">Durch die Kombination von Geoinformatik mit innovativen Ans\u00e4tzen, gestalten wir eine intelligente Kartierung der Erde<\/div><\/ama-col><\/ama-row><\/div><\/div><ama-row class=\"c-banner-links bg-white\" justify-content=\"center\"><ama-col class=\"c-banner-links__links c-banner-links__links--global\" col=\"10\" col-1300=\"11\" col-600=\"12\"><a href=\"https:\/\/www.regio.ee\/de\/dienstleistungen\/gislosungen\/\" class=\"c-banner-links__links-item\">Geoinformatische L\u00f6sungen<\/a><hr class=\"c-banner-links__links-separator\"\/><a href=\"https:\/\/www.regio.ee\/de\/dienstleistungen\/baltischegeodaten\/\" class=\"c-banner-links__links-item\">Geodaten der baltischen Staaten<\/a><hr class=\"c-banner-links__links-separator\"\/><a href=\"https:\/\/www.regio.ee\/de\/dienstleistungen\/karten\/\" class=\"c-banner-links__links-item\">Karten und Kartenanwendungen<\/a><hr class=\"c-banner-links__links-separator\"\/><a href=\"https:\/\/pood.regio.ee\/en\/pood\/\" target=\"_blank\" class=\"c-banner-links__links-item c-banner-links__links-item--shop\" rel=\"noopener\">Onlineshop<svg width=\"50\" height=\"48\" viewBox=\"0 0 50 48\"><path d=\"M49.711,22.3a1.6,1.6,0,0,0-1.247-.7L17.449,20.241a1.637,1.637,0,0,0-.138,3.27l28.916,1.271L40.541,42.876H15.24L10.669,17.489a1.629,1.629,0,0,0-.991-1.227l-7.486-3a1.6,1.6,0,0,0-2.08.924,1.648,1.648,0,0,0,.906,2.122l6.657,2.667,4.652,25.833A1.614,1.614,0,0,0,13.9,46.148h.772l-1.762,4.992a1.384,1.384,0,0,0,.164,1.246,1.329,1.329,0,0,0,1.093.58h1.236a4.935,4.935,0,0,0-1.236,3.273,4.814,4.814,0,1,0,9.626,0,4.936,4.936,0,0,0-1.236-3.273H33.054a4.934,4.934,0,0,0-1.236,3.273,4.814,4.814,0,1,0,9.626,0,4.936,4.936,0,0,0-1.236-3.273h1.5a1.364,1.364,0,0,0,0-2.727H16.073l1.444-4.091H41.711a1.607,1.607,0,0,0,1.527-1.137l6.684-21.273A1.66,1.66,0,0,0,49.711,22.3ZM18.984,58.421a2.182,2.182,0,1,1,2.139-2.182A2.163,2.163,0,0,1,18.984,58.421Zm17.647,0A2.182,2.182,0,1,1,38.77,56.24,2.163,2.163,0,0,1,36.631,58.421Z\" transform=\"translate(0 -13.148)\"\/><\/svg><\/a><\/ama-col><\/ama-row><\/div>\n<\/div>\n\n<ama-row class=\"g-box g-box--type-white bg-white l-container mt50 mb50\" justify-content=\"center\"><ama-col class=\"g-box__content l-gutenberg l-editor\" col=\"10\" col-mobile=\"12\">\n\n<h2 class=\"wp-block-heading\">Finden Sie die korrekte Schreibweise einer Adresse und die Postleitzahl in Estland, Lettland oder Litauen.<\/h2>\n\n\n\n<p>\u00dcberpr\u00fcfen Sie eine Adresse und finden Sie die Postleitzahl.<br>eginnen Sie, die Adresse in das Suchfeld einzugeben, z. B.: V\u00e4ike-T\u00e4he 20, Tartu.<br>Wenn die Adresse nicht gefunden wird, geben Sie eine genauere Adresse ein (z. B. Ort, Gemeinde oder Landkreis hinzuf\u00fcgen) oder \u00fcberpr\u00fcfen Sie die Schreibweise.<\/p>\n\n\n\n<style>\n  .regio-search-wrap {\n    position: relative;\n    margin-top: 24px;\n  }\n\n  .regio-input {\n    outline: none;\n\n    &:focus {\n      border-color: #ff4500 !important;\n    }\n\n    &::placeholder {\n      color: #aaa;\n    }\n  }\n\n  .regio-search-icon {\n    position: absolute;\n    right: 14px;\n    top: 50%;\n    transform: translateY(-50%);\n    width: 22px;\n    height: 22px;\n    color: #999;\n    pointer-events: none;\n  }\n\n  .regio-spinner {\n    position: absolute;\n    right: 14px;\n    top: 50%;\n    transform: translateY(-50%);\n    width: 22px;\n    height: 22px;\n    border: 2.5px solid #ddd;\n    border-top-color: #ff4500;\n    border-radius: 50%;\n    animation: regio-spin 0.7s linear infinite;\n  }\n\n  @keyframes regio-spin {\n    to { transform: translateY(-50%) rotate(360deg); }\n  }\n\n  .regio-results {\n    list-style: none;\n    margin: 0 !important;\n    padding: 0;\n  }\n\n  .regio-result-item {\n    display: flex;\n    justify-content: space-between;\n    align-items: flex-start;\n    padding: 14px 16px;\n    border-bottom: 1px solid #eee;\n    cursor: default;\n    transition: background 0.15s;\n    gap: 16px;\n\n    &:hover {\n      background: #fdf5f0;\n    }\n\n    &:first-child {\n      margin-top: 12px !important;\n    }\n\n    &:last-child {\n      border-bottom: none;\n    }\n  }\n\n  .regio-address {\n    flex: 1;\n    min-width: 0;\n  }\n\n  .regio-highlight {\n    font-weight: 600;\n  }\n\n  .regio-postcode {\n    font-size: 18px;\n    font-weight: 700;\n    color: #ff4500;\n    white-space: nowrap;\n    font-variant-numeric: tabular-nums;\n  }\n\n  .regio-no-postcode {\n    font-size: 14px;\n    color: #bbb;\n    font-weight: 400;\n  }\n\n  .regio-message {\n    text-align: center;\n    padding: 20px 16px;\n    color: #888;\n    font-size: 14px;\n\n    &.regio-error {\n      color: #ff4500;\n    }\n  }\n<\/style>\n\n<div class=\"regio-search-wrap\">\n  <input\n    type=\"text\"\n    class=\"regio-input\"\n    id=\"pcsInput\"\n    placeholder=\"z. B. V\u00e4ike-T\u00e4he 20, Tartu\"\n    autocomplete=\"off\"\n  \/>\n  <svg class=\"regio-search-icon\" id=\"pcsSearchIcon\" xmlns=\"http:\/\/www.w3.org\/2000\/svg\" fill=\"none\" viewBox=\"0 0 24 24\" stroke=\"currentColor\" stroke-width=\"2.5\">\n    <circle cx=\"11\" cy=\"11\" r=\"7\"\/>\n    <line x1=\"16.5\" y1=\"16.5\" x2=\"21\" y2=\"21\"\/>\n  <\/svg>\n  <div class=\"regio-spinner\" id=\"pcsSpinner\" style=\"display:none;\"><\/div>\n<\/div>\n\n<ul class=\"regio-results\" id=\"pcsResults\"><\/ul>\n\n<script>\n(function() {\n  var input = document.getElementById(\"pcsInput\");\n  var resultsEl = document.getElementById(\"pcsResults\");\n  var spinner = document.getElementById(\"pcsSpinner\");\n  var searchIcon = document.getElementById(\"pcsSearchIcon\");\n  var debounceTimer = null;\n  var currentRequest = null;\n\n  function setLoading(on) {\n    spinner.style.display = on ? \"block\" : \"none\";\n    searchIcon.style.display = on ? \"none\" : \"block\";\n  }\n\n  function showMessage(text, isError) {\n    resultsEl.innerHTML =\n      '<li class=\"regio-message' + (isError ? \" regio-error\" : \"\") + '\">' +\n      escapeHtml(text) +\n      \"<\/li>\";\n  }\n\n  function escapeHtml(str) {\n    var d = document.createElement(\"div\");\n    d.appendChild(document.createTextNode(str));\n    return d.innerHTML;\n  }\n\n  function highlightMatch(text, query) {\n    if (!query) return escapeHtml(text);\n    var lower = text.toLowerCase();\n    var qLower = query.toLowerCase();\n    var idx = lower.indexOf(qLower);\n    if (idx === -1) return escapeHtml(text);\n    return escapeHtml(text.substring(0, idx)) +\n      '<span class=\"regio-highlight\">' + escapeHtml(text.substring(idx, idx + query.length)) + '<\/span>' +\n      escapeHtml(text.substring(idx + query.length));\n  }\n\n  function renderResults(data, query) {\n    if (!data || data.length === 0) {\n      showMessage(\"Tulemusi ei leitud. Proovi teist otsingut.\");\n      return;\n    }\n\n    var html = \"\";\n    for (var i = 0; i < data.length; i++) {\n      var item = data[i];\n      var postcodeHtml = item.postcode\n        ? '<span class=\"regio-postcode\">' + escapeHtml(item.postcode) + \"<\/span>\"\n        : '<span class=\"regio-postcode regio-no-postcode\">\\u2014<\/span>';\n\n      html +=\n        '<li class=\"regio-result-item\">' +\n        '<span class=\"regio-address\">' + highlightMatch(item.address, query) + \"<\/span>\" +\n        postcodeHtml +\n        \"<\/li>\";\n    }\n    resultsEl.innerHTML = html;\n  }\n\n  function doSearch(query) {\n    query = query.trim();\n    if (query.length < 3) {\n      resultsEl.innerHTML = \"\";\n      setLoading(false);\n      return;\n    }\n\n    setLoading(true);\n\n    if (currentRequest) {\n      currentRequest.abort();\n    }\n\n    var xhr = new XMLHttpRequest();\n    currentRequest = xhr;\n\n    var params = new URLSearchParams();\n    params.set(\"is_complete\", \"true\");\n    params.set(\"country\", \"ee,lt,lv\");\n    params.set(\"address\", query);\n    params.set(\"apikey\", \"QDGDvxiVsql_8Y8U27DDdce5lXCJZZlX2dvBMo66rHHbdD6IITrP2EjEomsSyLTE\");\n    var url = \"https:\/\/api.regio.ee\/geocode?\" + params.toString();\n\n    xhr.open(\"GET\", url, true);\n\n    xhr.onload = function () {\n      setLoading(false);\n      currentRequest = null;\n\n      if (xhr.status === 200) {\n        try {\n          var resp = JSON.parse(xhr.responseText);\n          renderResults(resp.data, query);\n        } catch (e) {\n          showMessage(\"Viga vastuse lugemisel.\", true);\n        }\n      } else if (xhr.status === 401 || xhr.status === 403) {\n        showMessage(\"API v\\u00f5ti on vigane v\\u00f5i puudub.\", true);\n      } else {\n        showMessage(\"Otsing eba\\u00f5nnestus. Proovi hiljem uuesti.\", true);\n      }\n    };\n\n    xhr.onerror = function () {\n      setLoading(false);\n      currentRequest = null;\n      showMessage(\"V\\u00f5rgu\\u00fchenduse viga.\", true);\n    };\n\n    xhr.send();\n  }\n\n  input.addEventListener(\"input\", function () {\n    clearTimeout(debounceTimer);\n    debounceTimer = setTimeout(function () {\n      doSearch(input.value);\n    }, 350);\n  });\n\n  input.addEventListener(\"keydown\", function (e) {\n    if (e.key === \"Enter\") {\n      clearTimeout(debounceTimer);\n      doSearch(input.value);\n    }\n  });\n})();\n<\/script>\n\n<\/ama-col><\/ama-row>\n\n<ama-row class=\"g-box g-box--type-white bg-white l-container mt50 mb50\" justify-content=\"center\"><ama-col class=\"g-box__content l-gutenberg l-editor\" col=\"10\" col-mobile=\"12\">\n<div class=\"g-service l-container\"><ama-row class=\"g-service__heading g-service__section\" gap-mobile=\"var(--ama-gutter-half)\" col=\"10\"><ama-col class=\"l-editor\" col=\"4\" col-mobile=\"10\"><h2 class=\"h1\">Geoinformationsl\u00f6sungen<\/h2><\/ama-col><ama-col class=\"l-editor\" col=\"4\" col-mobile=\"10\"><p>Seit <strong>\u00fcber 30 Jahren<\/strong> sind wir auf die Erstellung, Erfassung, Verarbeitung und Analyse von r\u00e4umlichen Daten spezialisiert. Als Experten auf unserem Gebiet unterst\u00fctzen wir Sie dabei, die optimalen Geoinformationsl\u00f6sungen zu finden, die Ihren Bed\u00fcrfnissen entsprechen.<\/p>\n<\/ama-col><ama-col class=\"text-right\" col=\"2\" col-mobile=\"10\"><a href=\"https:\/\/www.regio.ee\/de\/dienstleistungen\/gislosungen\/\" class=\"btn btn--secondary\">Mehr erfahren<\/a><\/ama-col><\/ama-row><ama-row class=\"g-service__tm g-service__tm--no-links g-service__section bg-light\" gap=\"0px\" col=\"10\"><img loading=\"lazy\" decoding=\"async\" class=\"g-service__tm-image\" width=\"599\" height=\"656\" src=\"https:\/\/www.regio.ee\/wp-content\/uploads\/2025\/04\/0_geoinfolahendused.svg\" alt=\"Karte mit erfassten Stra\u00dfen- und Adressdaten\" draggable=\"false\"\/><div class=\"g-service__tm-main\"><div class=\"g-service__tm-row\"><div class=\"g-service__tm-title\">Erstellung und Pflege von Geoinformationen<\/div><div class=\"g-service__tm-text l-editor\">Jeder Klient ist einzigartig. Wir erstellen Geodaten pr\u00e4zise gem\u00e4\u00df Ihren Anforderungen und Vorgaben. Wir bereinigen und standardisieren Ihre Daten, integrieren sie mit weiteren Quellen und unterst\u00fctzen Sie beim Aufbau einer funktionalen und zuverl\u00e4ssigen Geodatenbank \u2013 einschlie\u00dflich eines benutzerfreundlichen Geoinformationssystems, das Ihre Zielsetzungen f\u00f6rdert.<\/div><\/div><div class=\"g-service__tm-row\"><div class=\"g-service__tm-title\">Analysen auf Basis von Geodaten <\/div><div class=\"g-service__tm-text l-editor\">Durch die Auswertung von Geodaten sind Sie in der Lage, besser informierte Entscheidungen zu treffen. Wir helfen Ihnen, die erforderlichen Grundinformationen zu beschaffen, analysieren Ihre Daten und erstellen darauf basierende thematische Karten. Zus\u00e4tzlich erstellen wir Datens\u00e4tze, die f\u00fcr weitere Anwendungen aufbereitet werden und unter anderem in der Planung, Marktanalyse oder Logistik verwendet werden k\u00f6nnen.<\/div><\/div><div class=\"g-service__tm-row\"><div class=\"g-service__tm-title\">Fachkundige Unterst\u00fctzung und Beratung<\/div><div class=\"g-service__tm-text l-editor\">M\u00f6chten Sie gern wissen, ob Ihre Daten aktuell und korrekt sind? Wir evaluieren die Qualit\u00e4t Ihrer Geodaten und unterst\u00fctzen Sie bei der Erfassung sowie der Verarbeitung der Daten. Wir beraten Sie bei der Auswahl passender GIS-Software und Datenformaten, helfen Ihnen, effektive Arbeitsabl\u00e4ufe zu gestalten, und begleiten Sie beim Datentransfer zwischen verschiedenen Systemen. Durch unsere anwendungsorientierten Empfehlungen gew\u00e4hrleisten wir, dass Ihre Datenbank effizient und zuverl\u00e4ssig funktioniert.<\/div><\/div><\/div><\/ama-row><\/div>\n\n<div class=\"g-arrow-link\"><a href=\"mailto:maps@regio.ee\" class=\"text-primary\">Kontaktieren Sie uns, um die beste Geoinformationsl\u00f6sung f\u00fcr Ihre Bed\u00fcrfnisse zu finden<svg width=\"12.002\" height=\"21.001\" viewBox=\"0 0 12.002 21.001\"><path d=\"M6692.438,9659.563a1.5,1.5,0,0,1,0-2.123l7.94-7.941-7.94-7.939a1.5,1.5,0,0,1,2.122-2.117l9,9a1.5,1.5,0,0,1,0,2.123l-9,9a1.505,1.505,0,0,1-2.122,0Z\" transform=\"translate(-6691.999 -9638.999)\" fill=\"currentColor\"\/><\/svg><\/a><\/div>\n<\/ama-col><\/ama-row>\n\n<ama-row class=\"g-box g-box--type-white bg-white l-container mt50 mb50\" justify-content=\"center\"><ama-col class=\"g-box__content l-gutenberg l-editor\" col=\"10\" col-mobile=\"12\">\n<div class=\"g-service l-container\"><ama-row class=\"g-service__heading g-service__section\" gap-mobile=\"var(--ama-gutter-half)\" col=\"10\"><ama-col class=\"l-editor\" col=\"4\" col-mobile=\"10\"><h2 class=\"h1\">Geodatenbank der baltischen Staaten<\/h2><\/ama-col><ama-col class=\"l-editor\" col=\"4\" col-mobile=\"10\"><p><strong>Die Geodatenbank der baltischen Staaten<\/strong> von Regio ist die genaueste und umfassendste Datenbank f\u00fcr <strong>Estland, Lettland und Litauen<\/strong>. Ihre St\u00e4rke liegt in den <strong>zahlreichen Attributdaten<\/strong> und der <strong>hohen Datenqualit\u00e4t<\/strong>, die sie zu einem zuverl\u00e4ssigen Werkzeug f\u00fcr verschiedene Unternehmen und Organisationen macht.<\/p>\n<\/ama-col><ama-col class=\"text-right\" col=\"2\" col-mobile=\"10\"><a href=\"https:\/\/www.regio.ee\/de\/dienstleistungen\/baltischegeodaten\/\" class=\"btn btn--secondary\">Mehr erfahren<\/a><\/ama-col><\/ama-row><ama-row class=\"g-service__tm g-service__section bg-light\" gap=\"0px\" col=\"10\"><img loading=\"lazy\" decoding=\"async\" class=\"g-service__tm-image\" width=\"500\" height=\"515\" src=\"https:\/\/www.regio.ee\/wp-content\/uploads\/2025\/03\/0_baltimaad.svg\" alt=\"Baltikum\" draggable=\"false\"\/><div class=\"g-service__tm-main\"><div class=\"g-service__tm-row\"><div class=\"g-service__tm-title\">Monatlich aktualisierte Geodaten<\/div><div class=\"g-service__tm-text l-editor\">Um die Aktualit\u00e4t der Daten zu gew\u00e4hrleisten, arbeiten wir mit staatlichen Beh\u00f6rden und lokalen Verwaltungen zusammen und sammeln Informationen aus verschiedenen Registern, Feldforschungen und Orthofotovergleichen. Dank regelm\u00e4\u00dfiger Aktualisierungen k\u00f6nnen wir gew\u00e4hrleisten, dass die Daten stets genau und aktuell sind.<\/div><\/div><div class=\"g-service__tm-row\"><div class=\"g-service__tm-title\">Gro\u00dfe Auswahl an Attributen und einheitliche Struktur f\u00fcr ganz Baltikum!<\/div><div class=\"g-service__tm-text l-editor\">Die gr\u00f6\u00dfte St\u00e4rke unserer Geodatenbank ist die Vielfalt und Detailgenauigkeit der Daten. Alle drei L\u00e4nder werden in einem einheitlichen System dargestellt, was die Verwaltung und Nutzung der Daten besonders einfach macht. Dies ist ein gro\u00dfer Vorteil f\u00fcr Unternehmen und Organisationen, die im gesamten Baltikum t\u00e4tig sind und einheitliche und vergleichbare Geodaten ben\u00f6tigen.<\/div><\/div><div class=\"g-service__tm-row\"><div class=\"g-service__tm-title\">API-Dienste<\/div><div class=\"g-service__tm-text l-editor\">\u00dcber unsere API-Schnittstelle k\u00f6nnen die st\u00e4ndig aktualisierten baltischen Daten von Regio einfach und nahtlos in verschiedene Dienste und Anwendungen integriert werden. Dadurch wird die Verwendung r\u00e4umlicher Daten schneller, effizienter und bequemer und Unternehmen k\u00f6nnen sich auf ihr Kerngesch\u00e4ft konzentrieren, ohne sich mit komplexer Datenverarbeitung befassen zu m\u00fcssen.<\/div><a href=\"http:\/\/api.regio.ee\" class=\"g-service__tm-link\" title=\"Weitere Informationen\" target=\"_blank\" rel=\"noopener\"><svg width=\"50\" height=\"50\" viewBox=\"0 0 50 50\"><g transform=\"translate(-880 -1350)\"><circle cx=\"25\" cy=\"25\" r=\"25\" transform=\"translate(880 1350)\" fill=\"#fff\"\/><path d=\"M-2455.254-3425.251a.8.8,0,0,1,0-1.212l4.04-3.68h-11.846A.9.9,0,0,1-2464-3431a.9.9,0,0,1,.941-.857h11.845l-4.039-3.679a.8.8,0,0,1,0-1.212,1.007,1.007,0,0,1,1.331,0l5.647,5.143a.8.8,0,0,1,0,1.213l-5.647,5.142a.987.987,0,0,1-.666.252A.987.987,0,0,1-2455.254-3425.251Z\" transform=\"translate(3361 4806)\"\/><\/g><\/svg><\/a><\/div><\/div><\/ama-row><\/div>\n\n<div class=\"g-arrow-link\"><a href=\"mailto:maps@regio.ee\" class=\"text-primary\">Kontaktieren Sie uns, um die Geodatenl\u00f6sung zu finden, die Ihren Anforderungen am besten entspricht<svg width=\"12.002\" height=\"21.001\" viewBox=\"0 0 12.002 21.001\"><path d=\"M6692.438,9659.563a1.5,1.5,0,0,1,0-2.123l7.94-7.941-7.94-7.939a1.5,1.5,0,0,1,2.122-2.117l9,9a1.5,1.5,0,0,1,0,2.123l-9,9a1.505,1.505,0,0,1-2.122,0Z\" transform=\"translate(-6691.999 -9638.999)\" fill=\"currentColor\"\/><\/svg><\/a><\/div>\n<\/ama-col><\/ama-row>\n\n<ama-row class=\"g-box g-box--type-white bg-white l-container mt50 mb50\" justify-content=\"center\"><ama-col class=\"g-box__content l-gutenberg l-editor\" col=\"10\" col-mobile=\"12\">\n<div class=\"g-service l-container\"><ama-row class=\"g-service__heading g-service__section\" gap-mobile=\"var(--ama-gutter-half)\" col=\"10\"><ama-col class=\"l-editor\" col=\"4\" col-mobile=\"10\"><h2 class=\"h1\">Karten und Kartenanwendungen<\/h2><\/ama-col><ama-col class=\"l-editor\" col=\"4\" col-mobile=\"10\"><p>Wir bieten eine gro\u00dfe Auswahl an Wandkarten, Atlanten, Tourismuskarten sowie GPS-Karten f\u00fcr Garmin-Ger\u00e4te. Dar\u00fcber hinaus erstellen wir individuelle Wand- und Outdoorkarten, Tourismuskarten, Kartendateien f\u00fcr Druckmaterialien und Kartenanwendungen.<\/p>\n<\/ama-col><ama-col class=\"text-right\" col=\"2\" col-mobile=\"10\"><a href=\"https:\/\/www.regio.ee\/de\/dienstleistungen\/karten\/\" class=\"btn btn--secondary\">Mehr erfahren<\/a><\/ama-col><\/ama-row><ama-row class=\"g-service__tm g-service__tm--no-links g-service__section bg-light\" gap=\"0px\" col=\"10\"><img loading=\"lazy\" decoding=\"async\" class=\"g-service__tm-image\" width=\"499\" height=\"581\" src=\"https:\/\/www.regio.ee\/wp-content\/uploads\/2025\/03\/0_kaardid_ja_kaardirakendused_euroopa.svg\" alt=\"Ein Ausschnitt aus der Europakarte von Regio\" draggable=\"false\"\/><div class=\"g-service__tm-main\"><div class=\"g-service__tm-row\"><div class=\"g-service__tm-title\">Wandkarten<\/div><div class=\"g-service__tm-text l-editor\">Wir bieten eine gro\u00dfe Auswahl an vorgefertigten Wandkarten und erstellen individuelle Karten, unter Ber\u00fccksichtigung Ihrer spezifischen Anforderungen hinsichtlich Kartenbereich, Abmessungen, Karteninformationen, Gestaltung und Layout.<\/div><\/div><div class=\"g-service__tm-row\"><div class=\"g-service__tm-title\">Atlanten und Tourismuskarten<\/div><div class=\"g-service__tm-text l-editor\">Der Regio Stra\u00dfenatlas Estland ist der meistverkaufte und auflagenst\u00e4rkste Atlas in Estland. Neben Atlanten erstellen wir Tourismuskarten, sowohl als Regio-Eigenprodukte als auch als Sonderanfertigungen f\u00fcr Kommunen und Tourismusunternehmen.<\/div><\/div><div class=\"g-service__tm-row\"><div class=\"g-service__tm-title\">GPS-Karten<\/div><div class=\"g-service__tm-text l-editor\">Wir erstellen GPS-Karten f\u00fcr Garmin-Ger\u00e4te mit lizenzierter Garmin-Software. Die Karten sind auf microSD-Speicherkarten erh\u00e4ltlich, Updates werden als .img-Dateien bereitgestellt, sodass Ihre Daten stets auf dem neuesten Stand sind.<\/div><\/div><\/div><\/ama-row><ama-row class=\"g-service__links g-service__section\" col-mobile=\"3\" col-850=\"4\" col=\"10\"><ama-col col=\"4\" col-mobile=\"1\" col-850=\"4\"><div class=\"g-service__links-title\">Individuelle Kartenanfertigungen<\/div><div class=\"g-service__links-text l-editor\"><p><a href=\"https:\/\/www.regio.ee\/de\/dienstleistungen\/karten\/#wandkarten\">Wandkarten<\/a><\/p>\n<p><a href=\"https:\/\/www.regio.ee\/de\/dienstleistungen\/karten\/#outdoorkarten\">Outdoor-Karten<\/a><\/p>\n<p><a href=\"https:\/\/www.regio.ee\/de\/dienstleistungen\/karten\/#atlanten\">Tourismus-Karten<\/a><\/p>\n<p><a href=\"https:\/\/www.regio.ee\/de\/dienstleistungen\/karten\/#individuellkarten\">Kartendateien<\/a><\/p>\n<\/div><\/ama-col><ama-col col=\"3\" col-mobile=\"1\" col-850=\"2\" col-580=\"4\"><a href=\"https:\/\/pood.regio.ee\/en\/toode\/estonian-road-atlas-2022\/\" class=\"g-service__links-link\" target=\"_blank\" rel=\"noopener\"><span>Regio Stra\u00dfenatlas Estland<\/span><img loading=\"lazy\" decoding=\"async\" width=\"330\" height=\"210\" src=\"https:\/\/www.regio.ee\/wp-content\/uploads\/fly-images\/27721\/0_eesti_teedeatlas_rattal-330x210-c.jpg\" alt=\"Regio Stra\u00dfenatlas von Estland auf einem gelben Fahrrad\" draggable=\"false\"\/><\/a><\/ama-col><ama-col col=\"3\" col-mobile=\"1\" col-850=\"2\" col-580=\"4\"><a href=\"https:\/\/pood.regio.ee\/tootekategooria\/koolidele\/\" class=\"g-service__links-link\" target=\"_blank\" rel=\"noopener\"><span> Karten und chemische Tabellen f\u00fcr Schulen<\/span><img loading=\"lazy\" decoding=\"async\" width=\"330\" height=\"210\" src=\"https:\/\/www.regio.ee\/wp-content\/uploads\/fly-images\/27724\/0_rulood_vaatsal-330x210-c.jpg\" alt=\"Fenstergeschichten in der Schule von V\u00e4\u00e4tsa\" draggable=\"false\"\/><\/a><\/ama-col><\/ama-row><\/div>\n<\/ama-col><\/ama-row>\n\n<ama-row class=\"g-box g-box--type-white bg-white l-container mt50 mb50\" justify-content=\"center\"><ama-col class=\"g-box__content l-gutenberg l-editor\" col=\"10\" col-mobile=\"12\">\n<div class=\"g-blog l-container\"><div class=\"g-blog__header mb30\"><h2 class=\"g-blog__title h1\">Blog<\/h2><a href=\"https:\/\/www.regio.ee\/de\/blog\/\" class=\"btn btn--primary\">Alle Beitr\u00e4ge<\/a><\/div><div class=\"g-blog__body\"><div class=\"g-blog__featured hide-mobile\"><div class=\"c-post\" href=\"https:\/\/www.regio.ee\/de\/von-papierkarten-zu-digitalen-loesungen-wie-geodaten-heute-funktionieren\/\"><a class=\"c-post__link c-post__link--image\" href=\"https:\/\/www.regio.ee\/de\/von-papierkarten-zu-digitalen-loesungen-wie-geodaten-heute-funktionieren\/\"><img loading=\"lazy\" decoding=\"async\" class=\"c-post__image\" width=\"420\" height=\"240\" src=\"https:\/\/www.regio.ee\/wp-content\/uploads\/fly-images\/32128\/blog_ruumiandmed_aitavad_teha_paremaid_otsuseid-420x240-c.jpg\" alt=\"Ruumiandmed aitavad teha paremaid otsuseid\" draggable=\"false\"\/><\/a><div class=\"c-post__meta\"><span>24. April 2026<\/span><ul class=\"post-categories\">\n\t<li><a href=\"https:\/\/www.regio.ee\/de\/category\/anwendungen\/\" rel=\"category tag\">Anwendungen<\/a><\/li>\n\t<li><a href=\"https:\/\/www.regio.ee\/de\/category\/fur-onlineshops\/\" rel=\"category tag\">F\u00fcr Onlineshops<\/a><\/li>\n\t<li><a href=\"https:\/\/www.regio.ee\/de\/category\/geodaten-und-api\/\" rel=\"category tag\">Geodaten und API<\/a><\/li><\/ul><\/div><a class=\"c-post__link c-post__link--main\" href=\"https:\/\/www.regio.ee\/de\/von-papierkarten-zu-digitalen-loesungen-wie-geodaten-heute-funktionieren\/\"><div class=\"c-post__title\">Von Papierkarten zu digitalen L\u00f6sungen: Wie Geodaten heute funktionieren<\/div><\/a><\/div><\/div><div class=\"g-blog__list\"><a class=\"hide-tablet hide-desktop\" href=\"https:\/\/www.regio.ee\/de\/von-papierkarten-zu-digitalen-loesungen-wie-geodaten-heute-funktionieren\/\"><img loading=\"lazy\" decoding=\"async\" width=\"240\" height=\"160\" src=\"https:\/\/www.regio.ee\/wp-content\/uploads\/fly-images\/32128\/blog_ruumiandmed_aitavad_teha_paremaid_otsuseid-240x160-c.jpg\" alt=\"Ruumiandmed aitavad teha paremaid otsuseid\" draggable=\"false\"\/><span>24. April 2026<\/span><div>Von Papierkarten zu digitalen L\u00f6sungen: Wie Geodaten heute funktionieren<\/div><\/a><a href=\"https:\/\/www.regio.ee\/de\/regio-addresssuch-plugin-woocommerce\/\"><img loading=\"lazy\" decoding=\"async\" width=\"240\" height=\"160\" src=\"https:\/\/www.regio.ee\/wp-content\/uploads\/fly-images\/32073\/blog_regio_wocommerce_API_plugin-240x160-c.png\" alt=\"Automaatne aadresssi sisestamine\" draggable=\"false\"\/><span>26. M\u00e4rz 2026<\/span><div>Kleine Anpassung im Onlineshop, die Lieferprobleme reduziert<\/div><\/a><a href=\"https:\/\/www.regio.ee\/de\/basiskarte-fur-kartenanwendung\/\"><img loading=\"lazy\" decoding=\"async\" width=\"240\" height=\"160\" src=\"https:\/\/www.regio.ee\/wp-content\/uploads\/fly-images\/32058\/blog_aluskaart_TMS-240x160-c.png\" alt=\"TMS\" draggable=\"false\"\/><span>25. M\u00e4rz 2026<\/span><div>Wie man die richtige Basiskarte f\u00fcr seine Kartenanwendung ausw\u00e4hlt<\/div><\/a><\/div><\/div><\/div>\n<\/ama-col><\/ama-row>\n","protected":false},"excerpt":{"rendered":"<p>Finden Sie die korrekte Schreibweise einer Adresse und die Postleitzahl in Estland, Lettland oder Litauen. \u00dcberpr\u00fcfen Sie eine Adresse und finden\u2026<\/p>\n","protected":false},"author":1,"featured_media":0,"parent":0,"menu_order":76,"comment_status":"closed","ping_status":"closed","template":"","meta":{"_acf_changed":false,"footnotes":""},"class_list":["post-27875","page","type-page","status-publish","hentry"],"acf":[],"_links":{"self":[{"href":"https:\/\/www.regio.ee\/de\/wp-json\/wp\/v2\/pages\/27875","targetHints":{"allow":["GET"]}}],"collection":[{"href":"https:\/\/www.regio.ee\/de\/wp-json\/wp\/v2\/pages"}],"about":[{"href":"https:\/\/www.regio.ee\/de\/wp-json\/wp\/v2\/types\/page"}],"author":[{"embeddable":true,"href":"https:\/\/www.regio.ee\/de\/wp-json\/wp\/v2\/users\/1"}],"replies":[{"embeddable":true,"href":"https:\/\/www.regio.ee\/de\/wp-json\/wp\/v2\/comments?post=27875"}],"version-history":[{"count":22,"href":"https:\/\/www.regio.ee\/de\/wp-json\/wp\/v2\/pages\/27875\/revisions"}],"predecessor-version":[{"id":32013,"href":"https:\/\/www.regio.ee\/de\/wp-json\/wp\/v2\/pages\/27875\/revisions\/32013"}],"wp:attachment":[{"href":"https:\/\/www.regio.ee\/de\/wp-json\/wp\/v2\/media?parent=27875"}],"curies":[{"name":"wp","href":"https:\/\/api.w.org\/{rel}","templated":true}]}}